{"id":2874,"date":"2022-03-29T21:11:52","date_gmt":"2022-03-29T18:11:52","guid":{"rendered":"https:\/\/sovaretail.com\/about-us\/"},"modified":"2026-01-19T15:46:09","modified_gmt":"2026-01-19T12:46:09","slug":"about-us","status":"publish","type":"page","link":"https:\/\/sovaretail.com\/en\/about-us\/","title":{"rendered":"About"},"content":{"rendered":"<div class=\"wpb-content-wrapper\"><p>[vc_row css=&#8221;.vc_custom_1516702470147{padding-top: 30px !important;padding-bottom: 30px !important;}&#8221;][vc_column width=&#8221;2\/3&#8243;]<div id=\"cz_12492\" class=\"cz_12492 cz_title clr cz_mobile_text_center cz_title_pos_inline wpb_animate_when_almost_visible fadeInLeft\"><div class=\"cz_title_content\"><span class=\"cz_line_side_solo\">_<\/span><div class=\"cz_wpe_content\"><h3>ABOUT<\/h3>\n<\/div><\/div><\/div><div class=\"cz_gap clr \" style=\"height: 50px\"><\/div>[vc_column_text css_animation=&#8221;fadeInUp&#8221;]<\/p>\n<p style=\"text-align: justify;\">Brands that will reach for the future are those with stores touching the soul of the consumer. <strong>We use our expertise and our endless energy to design &#8220;unique&#8221; stores for you.<\/strong> With a holistic approach, we consider each section of a store as part of a whole and create the best designs for the brand\u2019s concept and for our customers. We develop products specific to your store and brand concept. Just tell us what you have in mind or what you need. We think, research, design, prototype, manufacture. Till we make you smile&#8230;<\/p>\n<p>[\/vc_column_text]<div class=\"cz_gap clr  hide_on_mobile\" style=\"height: 40px\"><\/div><div class=\"cz_gap show_on_mobile clr\" style=\"height: 20px\"><\/div>[\/vc_column][vc_column width=&#8221;1\/3&#8243;]<div id=\"cz_12624\" class=\"cz_12624 cz_title clr cz_mobile_text_center cz_title_pos_inline tac wpb_animate_when_almost_visible fadeInUp\"><div class=\"cz_title_shape shape_rhombus cz_title_shape_outline cz_shape_1\"><\/div><div class=\"cz_title_content\"><div class=\"cz_wpe_content\"><div style=\"line-height: 1; text-align: center; margin-top: 40px;\"><span style=\"font-size: 60px; color: #676d77;\"><strong><span style=\"font-family: Playfair Display;\"><span style=\"font-size: 3em;\">+20 <\/span><span style=\"font-size: 86px; margin-top: 60px;\">years of<\/span><\/span><\/strong><\/span><\/div>\n<h4>experience<\/h4>\n<\/div><\/div><\/div><div class=\"cz_gap clr  hide_on_mobile\" style=\"height: 40px\"><\/div><div class=\"cz_gap show_on_mobile clr\" style=\"height: 20px\"><\/div><div class=\"cz_gap clr  hide_on_mobile\" style=\"height: 0px\"><\/div><div class=\"cz_gap show_on_mobile clr\" style=\"height: 40px\"><\/div>[\/vc_column][\/vc_row][vc_row css=&#8221;.vc_custom_1676310965542{padding-top: 30px !important;padding-bottom: 30px !important;background-position: 0 0 !important;background-repeat: no-repeat !important;}&#8221;][vc_column css=&#8221;.vc_custom_1648558759017{background-position: center !important;background-repeat: no-repeat !important;background-size: cover !important;}&#8221;][vc_video link=&#8221;https:\/\/www.youtube.com\/watch?v=skmorGFJL6g&#8221; align=&#8221;center&#8221; css=&#8221;&#8221;][\/vc_column][\/vc_row][vc_row css=&#8221;.vc_custom_1648558810481{padding-top: 30px !important;padding-bottom: 30px !important;background-position: 0 0 !important;background-repeat: no-repeat !important;background-position: center top !important;}&#8221;][vc_column css=&#8221;.vc_custom_1648558759017{background-position: center !important;background-repeat: no-repeat !important;background-size: cover !important;}&#8221;]<div id=\"cz_33956\" class=\"cz_grid_p cz_33956\"><div class=\"cz_grid cz_grid_1 clr cz_justified cz_grid_1_no_title cz_grid_1_mid tac\" data-gap=\"10\"><div class=\"cz_grid_item \"><div data-title=\"sova-ofis-dis\"><a class=\"cz_grid_link \" href=\"https:\/\/sovaretail.com\/wp-content\/uploads\/2026\/01\/sova-ofis-dis.jpg\" data-xtra-lightbox><img loading=\"lazy\" decoding=\"async\" width=\"600\" height=\"965\" src=\"https:\/\/sovaretail.com\/wp-content\/uploads\/2026\/01\/sova-ofis-dis.jpg\" class=\"attachment-large\" alt=\"\" title=\"sova-ofis-dis\" srcset=\"https:\/\/sovaretail.com\/wp-content\/uploads\/2026\/01\/sova-ofis-dis.jpg 600w, https:\/\/sovaretail.com\/wp-content\/uploads\/2026\/01\/sova-ofis-dis-187x300.jpg 187w\" sizes=\"auto, (max-width: 600px) 100vw, 600px\" \/><div class=\"cz_grid_details\"><i class=\"fa fa-search cz_grid_icon\"><\/i><\/div><\/a><\/div><\/div><div class=\"cz_grid_item \"><div data-title=\"sova-design\"><a class=\"cz_grid_link \" href=\"https:\/\/sovaretail.com\/wp-content\/uploads\/2026\/01\/sova-design.jpg\" data-xtra-lightbox><img loading=\"lazy\" decoding=\"async\" width=\"577\" height=\"1024\" src=\"https:\/\/sovaretail.com\/wp-content\/uploads\/2026\/01\/sova-design-577x1024.jpg\" class=\"attachment-large\" alt=\"\" title=\"sova-design\" srcset=\"https:\/\/sovaretail.com\/wp-content\/uploads\/2026\/01\/sova-design-577x1024.jpg 577w, https:\/\/sovaretail.com\/wp-content\/uploads\/2026\/01\/sova-design-169x300.jpg 169w, https:\/\/sovaretail.com\/wp-content\/uploads\/2026\/01\/sova-design-600x1065.jpg 600w, https:\/\/sovaretail.com\/wp-content\/uploads\/2026\/01\/sova-design.jpg 676w\" sizes=\"auto, (max-width: 577px) 100vw, 577px\" \/><div class=\"cz_grid_details\"><i class=\"fa fa-search cz_grid_icon\"><\/i><\/div><\/a><\/div><\/div><div class=\"cz_grid_item \"><div data-title=\"sova-sevk\"><a class=\"cz_grid_link \" href=\"https:\/\/sovaretail.com\/wp-content\/uploads\/2026\/01\/sova-sevk.jpg\" data-xtra-lightbox><img loading=\"lazy\" decoding=\"async\" width=\"1024\" height=\"572\" src=\"https:\/\/sovaretail.com\/wp-content\/uploads\/2026\/01\/sova-sevk-1024x572.jpg\" class=\"attachment-large\" alt=\"\" title=\"sova-sevk\" srcset=\"https:\/\/sovaretail.com\/wp-content\/uploads\/2026\/01\/sova-sevk-1024x572.jpg 1024w, https:\/\/sovaretail.com\/wp-content\/uploads\/2026\/01\/sova-sevk-300x168.jpg 300w, https:\/\/sovaretail.com\/wp-content\/uploads\/2026\/01\/sova-sevk-768x429.jpg 768w, https:\/\/sovaretail.com\/wp-content\/uploads\/2026\/01\/sova-sevk-600x335.jpg 600w, https:\/\/sovaretail.com\/wp-content\/uploads\/2026\/01\/sova-sevk.jpg 1200w\" sizes=\"auto, (max-width: 1024px) 100vw, 1024px\" \/><div class=\"cz_grid_details\"><i class=\"fa fa-search cz_grid_icon\"><\/i><\/div><\/a><\/div><\/div><div class=\"cz_grid_item \"><div data-title=\"sova-abkant\"><a class=\"cz_grid_link \" href=\"https:\/\/sovaretail.com\/wp-content\/uploads\/2026\/01\/sova-abkant.jpg\" data-xtra-lightbox><img loading=\"lazy\" decoding=\"async\" width=\"1024\" height=\"577\" src=\"https:\/\/sovaretail.com\/wp-content\/uploads\/2026\/01\/sova-abkant-1024x577.jpg\" class=\"attachment-large\" alt=\"\" title=\"sova-abkant\" srcset=\"https:\/\/sovaretail.com\/wp-content\/uploads\/2026\/01\/sova-abkant-1024x577.jpg 1024w, https:\/\/sovaretail.com\/wp-content\/uploads\/2026\/01\/sova-abkant-300x169.jpg 300w, https:\/\/sovaretail.com\/wp-content\/uploads\/2026\/01\/sova-abkant-768x433.jpg 768w, https:\/\/sovaretail.com\/wp-content\/uploads\/2026\/01\/sova-abkant-600x338.jpg 600w, https:\/\/sovaretail.com\/wp-content\/uploads\/2026\/01\/sova-abkant.jpg 1200w\" sizes=\"auto, (max-width: 1024px) 100vw, 1024px\" \/><div class=\"cz_grid_details\"><i class=\"fa fa-search cz_grid_icon\"><\/i><\/div><\/a><\/div><\/div><div class=\"cz_grid_item \"><div data-title=\"sova-lazer\"><a class=\"cz_grid_link \" href=\"https:\/\/sovaretail.com\/wp-content\/uploads\/2026\/01\/sova-lazer.jpg\" data-xtra-lightbox><img loading=\"lazy\" decoding=\"async\" width=\"826\" height=\"1024\" src=\"https:\/\/sovaretail.com\/wp-content\/uploads\/2026\/01\/sova-lazer-826x1024.jpg\" class=\"attachment-large\" alt=\"\" title=\"sova-lazer\" srcset=\"https:\/\/sovaretail.com\/wp-content\/uploads\/2026\/01\/sova-lazer-826x1024.jpg 826w, https:\/\/sovaretail.com\/wp-content\/uploads\/2026\/01\/sova-lazer-242x300.jpg 242w, https:\/\/sovaretail.com\/wp-content\/uploads\/2026\/01\/sova-lazer-768x952.jpg 768w, https:\/\/sovaretail.com\/wp-content\/uploads\/2026\/01\/sova-lazer-600x743.jpg 600w, https:\/\/sovaretail.com\/wp-content\/uploads\/2026\/01\/sova-lazer.jpg 1000w\" sizes=\"auto, (max-width: 826px) 100vw, 826px\" \/><div class=\"cz_grid_details\"><i class=\"fa fa-search cz_grid_icon\"><\/i><\/div><\/a><\/div><\/div><div class=\"cz_grid_item \"><div data-title=\"sova-kaynak\"><a class=\"cz_grid_link \" href=\"https:\/\/sovaretail.com\/wp-content\/uploads\/2026\/01\/sova-kaynak.jpg\" data-xtra-lightbox><img loading=\"lazy\" decoding=\"async\" width=\"1024\" height=\"577\" src=\"https:\/\/sovaretail.com\/wp-content\/uploads\/2026\/01\/sova-kaynak-1024x577.jpg\" class=\"attachment-large\" alt=\"\" title=\"sova-kaynak\" srcset=\"https:\/\/sovaretail.com\/wp-content\/uploads\/2026\/01\/sova-kaynak-1024x577.jpg 1024w, https:\/\/sovaretail.com\/wp-content\/uploads\/2026\/01\/sova-kaynak-300x169.jpg 300w, https:\/\/sovaretail.com\/wp-content\/uploads\/2026\/01\/sova-kaynak-768x433.jpg 768w, https:\/\/sovaretail.com\/wp-content\/uploads\/2026\/01\/sova-kaynak-600x338.jpg 600w, https:\/\/sovaretail.com\/wp-content\/uploads\/2026\/01\/sova-kaynak.jpg 1200w\" sizes=\"auto, (max-width: 1024px) 100vw, 1024px\" \/><div class=\"cz_grid_details\"><i class=\"fa fa-search cz_grid_icon\"><\/i><\/div><\/a><\/div><\/div><\/div><\/div>[\/vc_column][\/vc_row][vc_row css=&#8221;.vc_custom_1516702470147{padding-top: 30px !important;padding-bottom: 30px !important;}&#8221;][vc_column]<div id=\"cz_20546\" class=\"cz_20546 cz_title clr cz_title_pos_inline tac\"><div class=\"cz_title_content\"><div class=\"cz_wpe_content\"><p style=\"text-align: center;\">In many countries of the world, with high expertise and knowledge,<br \/>\nthe <strong><span style=\"color: #cd1329;\">&#8220;Sova Team&#8221;<\/span><\/strong> have signed many projects re-shaping the retail store design.<\/p>\n<\/div><\/div><\/div>[\/vc_column][\/vc_row][vc_row css=&#8221;.vc_custom_1648578060962{padding-top: 30px !important;padding-bottom: 30px !important;background-color: #eaeaea !important;}&#8221;][vc_column]<div id=\"cz_47524\" class=\"cz_47524 cz_title clr cz_title_pos_inline tac\"><div class=\"cz_title_content\"><div class=\"cz_wpe_content\"><p style=\"text-align: center;\">EVERYTHING YOU NEED<\/p>\n<h2 style=\"text-align: center;\">THE SOVA EXPERIENCE<\/h2>\n<\/div><\/div><\/div><div id=\"cz_66587\" class=\"cz_66587 cz_title clr cz_title_pos_inline tac\"><div class=\"cz_title_content\"><div class=\"cz_wpe_content\"><p style=\"text-align: center;\">We follow all the developments in the retail world. Through our modern production lines and innovative solutions, we strive to lead the market and enhance our customers&#8217; profitability by providing better quality products and services.<\/p>\n<\/div><\/div><\/div>[\/vc_column][\/vc_row][vc_row disable_element=&#8221;yes&#8221; css=&#8221;.vc_custom_1768826204058{padding-top: 30px !important;padding-bottom: 30px !important;}&#8221;][vc_column]<div class=\"cz_gap clr  hide_on_mobile\" style=\"height: 0px\"><\/div><div class=\"cz_gap show_on_mobile clr\" style=\"height: 40px\"><\/div><div id=\"cz_17672\" data-position=\"top-right\" class=\"cz_17672 cz_image clr cz_image_no_fx center_on_mobile\"><div class=\"\" ><div class=\"cz_image_in\"><div class=\"cz_main_image\"><img loading=\"lazy\" decoding=\"async\" width=\"1307\" height=\"665\" src=\"https:\/\/sovaretail.com\/wp-content\/uploads\/2022\/05\/SDSDFSDSD.jpg\" class=\"attachment-full\" alt=\"\" title=\"SDSDFSDSD\" srcset=\"https:\/\/sovaretail.com\/wp-content\/uploads\/2022\/05\/SDSDFSDSD.jpg 1307w, https:\/\/sovaretail.com\/wp-content\/uploads\/2022\/05\/SDSDFSDSD-300x153.jpg 300w, https:\/\/sovaretail.com\/wp-content\/uploads\/2022\/05\/SDSDFSDSD-1024x521.jpg 1024w, https:\/\/sovaretail.com\/wp-content\/uploads\/2022\/05\/SDSDFSDSD-768x391.jpg 768w, https:\/\/sovaretail.com\/wp-content\/uploads\/2022\/05\/SDSDFSDSD-600x305.jpg 600w\" sizes=\"auto, (max-width: 1307px) 100vw, 1307px\" \/><\/div><\/div><\/div><\/div>[\/vc_column][\/vc_row][vc_row css=&#8221;.vc_custom_1648565084805{padding-top: 30px !important;padding-bottom: 0px !important;}&#8221;][vc_column]<div class=\"cz_gap clr  hide_on_tablet hide_on_mobile\" style=\"height: 49px\"><\/div><div class=\"cz_gap show_on_tablet clr \" style=\"height: 50px\"><\/div><div id=\"cz_95476\" class=\"cz_95476 cz_title clr cz_mobile_text_center cz_title_pos_inline wpb_animate_when_almost_visible fadeInLeft\"><div class=\"cz_title_content\"><span class=\"cz_line_side_solo\">_<\/span><div class=\"cz_wpe_content\"><h3><strong>SOLID \/\u00a0<\/strong>SOLUTION IN DETAIL<\/h3>\n<\/div><\/div><\/div><div id=\"cz_27935\" class=\"cz_27935 cz_title clr cz_title_pos_inline tac\"><div class=\"cz_title_content\"><div class=\"cz_wpe_content\"><p style=\"text-align: center;\">SOLUTION IS HIDDEN IN DETAILS<\/p>\n<h2 style=\"text-align: center;\">360 DEGREE ROBUST SOLUTIONS IN EVERY STAGE<\/h2>\n<\/div><\/div><\/div>[vc_column_text css_animation=&#8221;fadeInUp&#8221;]<\/p>\n<p style=\"text-align: center;\">We analyze and design every stage of a project, focusing on sales, costs and timing, creating custom solutions just for you.<br \/>\nWhile creating sales boosting retail spaces, the aim is to provide a quality and on-time solution while keeping the costs at the minimum.[\/vc_column_text]<div class=\"cz_gap clr  hide_on_mobile\" style=\"height: 0px\"><\/div><div class=\"cz_gap show_on_mobile clr\" style=\"height: 40px\"><\/div><div id=\"cz_34594\" data-position=\"top-right\" class=\"cz_34594 cz_image clr cz_image_no_fx center_on_mobile hide_on_tablet hide_on_mobile show_on_desktop\"><div class=\"\" ><div class=\"cz_image_in\"><div class=\"cz_main_image\"><img loading=\"lazy\" decoding=\"async\" width=\"1750\" height=\"927\" src=\"https:\/\/sovaretail.com\/wp-content\/uploads\/2022\/06\/yatay1.jpg\" class=\"attachment-full\" alt=\"SOLID\" title=\"SOLID\" srcset=\"https:\/\/sovaretail.com\/wp-content\/uploads\/2022\/06\/yatay1.jpg 1750w, https:\/\/sovaretail.com\/wp-content\/uploads\/2022\/06\/yatay1-300x159.jpg 300w, https:\/\/sovaretail.com\/wp-content\/uploads\/2022\/06\/yatay1-1024x542.jpg 1024w, https:\/\/sovaretail.com\/wp-content\/uploads\/2022\/06\/yatay1-768x407.jpg 768w, https:\/\/sovaretail.com\/wp-content\/uploads\/2022\/06\/yatay1-1536x814.jpg 1536w, https:\/\/sovaretail.com\/wp-content\/uploads\/2022\/06\/yatay1-600x318.jpg 600w\" sizes=\"auto, (max-width: 1750px) 100vw, 1750px\" \/><\/div><\/div><\/div><\/div><div id=\"cz_25646\" data-position=\"top-right\" class=\"cz_25646 cz_image clr cz_image_no_fx center_on_mobile hide_on_desktop\"><div class=\"\" ><div class=\"cz_image_in\"><div class=\"cz_main_image\"><img loading=\"lazy\" decoding=\"async\" width=\"1875\" height=\"3102\" src=\"https:\/\/sovaretail.com\/wp-content\/uploads\/2022\/06\/unnamed-2.png\" class=\"attachment-full\" alt=\"SOLID\" title=\"SOLID\" srcset=\"https:\/\/sovaretail.com\/wp-content\/uploads\/2022\/06\/unnamed-2.png 1875w, https:\/\/sovaretail.com\/wp-content\/uploads\/2022\/06\/unnamed-2-181x300.png 181w, https:\/\/sovaretail.com\/wp-content\/uploads\/2022\/06\/unnamed-2-619x1024.png 619w, https:\/\/sovaretail.com\/wp-content\/uploads\/2022\/06\/unnamed-2-768x1271.png 768w, https:\/\/sovaretail.com\/wp-content\/uploads\/2022\/06\/unnamed-2-928x1536.png 928w, https:\/\/sovaretail.com\/wp-content\/uploads\/2022\/06\/unnamed-2-1238x2048.png 1238w, https:\/\/sovaretail.com\/wp-content\/uploads\/2022\/06\/unnamed-2-600x993.png 600w\" sizes=\"auto, (max-width: 1875px) 100vw, 1875px\" \/><\/div><\/div><\/div><\/div>[\/vc_column][\/vc_row]<\/p>\n<\/div>","protected":false},"excerpt":{"rendered":"<p>[vc_row css=&#8221;.vc_custom_1516702470147{padding-top: 30px !important;padding-bottom: 30px !important;}&#8221;][vc_column width=&#8221;2\/3&#8243;][vc_column_text css_animation=&#8221;fadeInUp&#8221;] Brands that will &#8230; <\/p>\n","protected":false},"author":1,"featured_media":0,"parent":0,"menu_order":0,"comment_status":"closed","ping_status":"closed","template":"","meta":{"footnotes":""},"class_list":["post-2874","page","type-page","status-publish","hentry"],"yoast_head":"<!-- This site is optimized with the Yoast SEO plugin v25.9 - https:\/\/yoast.com\/wordpress\/plugins\/seo\/ -->\n<title>About - Sova Retail Solutions<\/title>\n<meta name=\"robots\" content=\"index, follow, max-snippet:-1, max-image-preview:large, max-video-preview:-1\" \/>\n<link rel=\"canonical\" href=\"https:\/\/sovaretail.com\/en\/about-us\/\" \/>\n<meta property=\"og:locale\" content=\"en_US\" \/>\n<meta property=\"og:type\" content=\"article\" \/>\n<meta property=\"og:title\" content=\"About - Sova Retail Solutions\" \/>\n<meta property=\"og:description\" content=\"[vc_row css=&#8221;.vc_custom_1516702470147{padding-top: 30px !important;padding-bottom: 30px !important;}&#8221;][vc_column width=&#8221;2\/3&#8243;][vc_column_text css_animation=&#8221;fadeInUp&#8221;] Brands that will ...\" \/>\n<meta property=\"og:url\" content=\"https:\/\/sovaretail.com\/en\/about-us\/\" \/>\n<meta property=\"og:site_name\" content=\"Sova Retail Solutions\" \/>\n<meta property=\"article:modified_time\" content=\"2026-01-19T12:46:09+00:00\" \/>\n<meta name=\"twitter:card\" content=\"summary_large_image\" \/>\n<meta name=\"twitter:label1\" content=\"Est. reading time\" \/>\n\t<meta name=\"twitter:data1\" content=\"5 minutes\" \/>\n<script type=\"application\/ld+json\" class=\"yoast-schema-graph\">{\"@context\":\"https:\/\/schema.org\",\"@graph\":[{\"@type\":\"WebPage\",\"@id\":\"https:\/\/sovaretail.com\/en\/about-us\/\",\"url\":\"https:\/\/sovaretail.com\/en\/about-us\/\",\"name\":\"About - Sova Retail Solutions\",\"isPartOf\":{\"@id\":\"https:\/\/sovaretail.com\/en\/#website\"},\"datePublished\":\"2022-03-29T18:11:52+00:00\",\"dateModified\":\"2026-01-19T12:46:09+00:00\",\"breadcrumb\":{\"@id\":\"https:\/\/sovaretail.com\/en\/about-us\/#breadcrumb\"},\"inLanguage\":\"en-US\",\"potentialAction\":[{\"@type\":\"ReadAction\",\"target\":[\"https:\/\/sovaretail.com\/en\/about-us\/\"]}]},{\"@type\":\"BreadcrumbList\",\"@id\":\"https:\/\/sovaretail.com\/en\/about-us\/#breadcrumb\",\"itemListElement\":[{\"@type\":\"ListItem\",\"position\":1,\"name\":\"Home page\",\"item\":\"https:\/\/sovaretail.com\/en\/\"},{\"@type\":\"ListItem\",\"position\":2,\"name\":\"About\"}]},{\"@type\":\"WebSite\",\"@id\":\"https:\/\/sovaretail.com\/en\/#website\",\"url\":\"https:\/\/sovaretail.com\/en\/\",\"name\":\"Sova Retail Solutions\",\"description\":\"Market Ekipmanlar\u0131 ve Ma\u011faza Donan\u0131mlar\u0131\",\"publisher\":{\"@id\":\"https:\/\/sovaretail.com\/en\/#organization\"},\"potentialAction\":[{\"@type\":\"SearchAction\",\"target\":{\"@type\":\"EntryPoint\",\"urlTemplate\":\"https:\/\/sovaretail.com\/en\/?s={search_term_string}\"},\"query-input\":{\"@type\":\"PropertyValueSpecification\",\"valueRequired\":true,\"valueName\":\"search_term_string\"}}],\"inLanguage\":\"en-US\"},{\"@type\":\"Organization\",\"@id\":\"https:\/\/sovaretail.com\/en\/#organization\",\"name\":\"Sova Retail Solutions\",\"url\":\"https:\/\/sovaretail.com\/en\/\",\"logo\":{\"@type\":\"ImageObject\",\"inLanguage\":\"en-US\",\"@id\":\"https:\/\/sovaretail.com\/en\/#\/schema\/logo\/image\/\",\"url\":\"https:\/\/sovaretail.com\/wp-content\/uploads\/2022\/05\/u\u0308ru\u0308n-bros\u0327u\u0308ru\u0308.jpg\",\"contentUrl\":\"https:\/\/sovaretail.com\/wp-content\/uploads\/2022\/05\/u\u0308ru\u0308n-bros\u0327u\u0308ru\u0308.jpg\",\"width\":1080,\"height\":810,\"caption\":\"Sova Retail Solutions\"},\"image\":{\"@id\":\"https:\/\/sovaretail.com\/en\/#\/schema\/logo\/image\/\"}}]}<\/script>\n<!-- \/ Yoast SEO plugin. -->","yoast_head_json":{"title":"About - Sova Retail Solutions","robots":{"index":"index","follow":"follow","max-snippet":"max-snippet:-1","max-image-preview":"max-image-preview:large","max-video-preview":"max-video-preview:-1"},"canonical":"https:\/\/sovaretail.com\/en\/about-us\/","og_locale":"en_US","og_type":"article","og_title":"About - Sova Retail Solutions","og_description":"[vc_row css=&#8221;.vc_custom_1516702470147{padding-top: 30px !important;padding-bottom: 30px !important;}&#8221;][vc_column width=&#8221;2\/3&#8243;][vc_column_text css_animation=&#8221;fadeInUp&#8221;] Brands that will ...","og_url":"https:\/\/sovaretail.com\/en\/about-us\/","og_site_name":"Sova Retail Solutions","article_modified_time":"2026-01-19T12:46:09+00:00","twitter_card":"summary_large_image","twitter_misc":{"Est. reading time":"5 minutes"},"schema":{"@context":"https:\/\/schema.org","@graph":[{"@type":"WebPage","@id":"https:\/\/sovaretail.com\/en\/about-us\/","url":"https:\/\/sovaretail.com\/en\/about-us\/","name":"About - Sova Retail Solutions","isPartOf":{"@id":"https:\/\/sovaretail.com\/en\/#website"},"datePublished":"2022-03-29T18:11:52+00:00","dateModified":"2026-01-19T12:46:09+00:00","breadcrumb":{"@id":"https:\/\/sovaretail.com\/en\/about-us\/#breadcrumb"},"inLanguage":"en-US","potentialAction":[{"@type":"ReadAction","target":["https:\/\/sovaretail.com\/en\/about-us\/"]}]},{"@type":"BreadcrumbList","@id":"https:\/\/sovaretail.com\/en\/about-us\/#breadcrumb","itemListElement":[{"@type":"ListItem","position":1,"name":"Home page","item":"https:\/\/sovaretail.com\/en\/"},{"@type":"ListItem","position":2,"name":"About"}]},{"@type":"WebSite","@id":"https:\/\/sovaretail.com\/en\/#website","url":"https:\/\/sovaretail.com\/en\/","name":"Sova Retail Solutions","description":"Market Ekipmanlar\u0131 ve Ma\u011faza Donan\u0131mlar\u0131","publisher":{"@id":"https:\/\/sovaretail.com\/en\/#organization"},"potentialAction":[{"@type":"SearchAction","target":{"@type":"EntryPoint","urlTemplate":"https:\/\/sovaretail.com\/en\/?s={search_term_string}"},"query-input":{"@type":"PropertyValueSpecification","valueRequired":true,"valueName":"search_term_string"}}],"inLanguage":"en-US"},{"@type":"Organization","@id":"https:\/\/sovaretail.com\/en\/#organization","name":"Sova Retail Solutions","url":"https:\/\/sovaretail.com\/en\/","logo":{"@type":"ImageObject","inLanguage":"en-US","@id":"https:\/\/sovaretail.com\/en\/#\/schema\/logo\/image\/","url":"https:\/\/sovaretail.com\/wp-content\/uploads\/2022\/05\/u\u0308ru\u0308n-bros\u0327u\u0308ru\u0308.jpg","contentUrl":"https:\/\/sovaretail.com\/wp-content\/uploads\/2022\/05\/u\u0308ru\u0308n-bros\u0327u\u0308ru\u0308.jpg","width":1080,"height":810,"caption":"Sova Retail Solutions"},"image":{"@id":"https:\/\/sovaretail.com\/en\/#\/schema\/logo\/image\/"}}]}},"_links":{"self":[{"href":"https:\/\/sovaretail.com\/en\/wp-json\/wp\/v2\/pages\/2874","targetHints":{"allow":["GET"]}}],"collection":[{"href":"https:\/\/sovaretail.com\/en\/wp-json\/wp\/v2\/pages"}],"about":[{"href":"https:\/\/sovaretail.com\/en\/wp-json\/wp\/v2\/types\/page"}],"author":[{"embeddable":true,"href":"https:\/\/sovaretail.com\/en\/wp-json\/wp\/v2\/users\/1"}],"replies":[{"embeddable":true,"href":"https:\/\/sovaretail.com\/en\/wp-json\/wp\/v2\/comments?post=2874"}],"version-history":[{"count":5,"href":"https:\/\/sovaretail.com\/en\/wp-json\/wp\/v2\/pages\/2874\/revisions"}],"predecessor-version":[{"id":20056,"href":"https:\/\/sovaretail.com\/en\/wp-json\/wp\/v2\/pages\/2874\/revisions\/20056"}],"wp:attachment":[{"href":"https:\/\/sovaretail.com\/en\/wp-json\/wp\/v2\/media?parent=2874"}],"curies":[{"name":"wp","href":"https:\/\/api.w.org\/{rel}","templated":true}]}}