{"id":2938,"date":"2022-04-25T15:44:35","date_gmt":"2022-04-25T12:44:35","guid":{"rendered":"https:\/\/sovaretail.com\/bespoke-solutions\/"},"modified":"2024-12-11T12:47:19","modified_gmt":"2024-12-11T09:47:19","slug":"bespoke-solutions","status":"publish","type":"page","link":"https:\/\/sovaretail.com\/en\/bespoke-solutions\/","title":{"rendered":"Bespoke"},"content":{"rendered":"<div class=\"wpb-content-wrapper\"><p>[vc_row][vc_column]<div id=\"cz_97481\" class=\"cz_97481 cz_title clr cz_title_pos_inline tac\"><div class=\"cz_title_content\"><div class=\"cz_wpe_content\"><p style=\"text-align: center;\">FLEXIBLE AND FAST MANUFACTURING ECOSYSTEM<\/p>\n<h2 style=\"text-align: center;\">EXPERTISE SPEAKS OUT<\/h2>\n<\/div><\/div><\/div>[vc_column_text css_animation=&#8221;fadeInUp&#8221;]<\/p>\n<p style=\"text-align: center;\">Just tell us what you have in mind or need.<br \/>\nWe think, research, design, prototype, manufacture.[\/vc_column_text][\/vc_column][\/vc_row][vc_row][vc_column offset=&#8221;vc_hidden-sm vc_hidden-xs&#8221;]<div id=\"cz_82892\" class=\"cz_82892 cz_tabs clr cz_tabs_htc cz_tabs_zoom_in\"><div class=\"cz_tabs_content\"><a class=\"cz_tab_a hide\" data-tab=\"cz_107060\" href=\"#\"><\/a><div id=\"cz_107060\" class=\"cz_tab\"><div>[vc_row_inner][vc_column_inner width=&#8221;1\/2&#8243; css=&#8221;.vc_custom_1527510586247{padding-right: 30px !important;padding-left: 30px !important;}&#8221;]<div class=\"cz_gap clr \" style=\"height: 30px\"><\/div><div id=\"cz_49363\" class=\"cz_49363 cz_title clr cz_mobile_text_center cz_title_ba_line cz_title_pos_inline\"><div class=\"cz_title_content\"><div class=\"cz_wpe_content\"><h1 style=\"text-align: justify;\">Bespoke Solutions<\/h1>\n<\/div><div class=\"cz_title_line cz_line_after_title\"><span>_<\/span><\/div><\/div><\/div>[vc_column_text css_animation=&#8221;none&#8221;]With fast, flexible and high capacity production lines, Sova manufacturing ecosystem has the capability to serve every retailer in the business, fully satisfying their quality expectations.<\/p>\n<p>While providing design and manufacturing services for bespoke fixtures, display equipment or accessories to <strong>global and local retail investors<\/strong>, we also offer solutions to global or local store fixtures and equipment manufacturers, offering them products or accessories that they cannot supply by using their own production lines. We process many materials such as <strong>wire, sheet metal, profile, stainless steel, timber, plexiglass,<\/strong> etc., using advanced technology.[\/vc_column_text][\/vc_column_inner][vc_column_inner width=&#8221;1\/2&#8243;]<div id=\"cz_94752\" data-position=\"top-right\" class=\"cz_94752 cz_image clr cz_image_no_fx center_on_mobile\"><div class=\"cz_svg_bg\" ><div class=\"cz_image_in\"><div class=\"cz_main_image\"><img loading=\"lazy\" decoding=\"async\" width=\"800\" height=\"600\" src=\"https:\/\/sovaretail.com\/wp-content\/uploads\/2022\/05\/ozel-cozumler-ana-gorsel.jpg\" class=\"attachment-full\" alt=\"\" title=\"special-solutions-main-image\" srcset=\"https:\/\/sovaretail.com\/wp-content\/uploads\/2022\/05\/ozel-cozumler-ana-gorsel.jpg 800w, https:\/\/sovaretail.com\/wp-content\/uploads\/2022\/05\/ozel-cozumler-ana-gorsel-300x225.jpg 300w, https:\/\/sovaretail.com\/wp-content\/uploads\/2022\/05\/ozel-cozumler-ana-gorsel-768x576.jpg 768w, https:\/\/sovaretail.com\/wp-content\/uploads\/2022\/05\/ozel-cozumler-ana-gorsel-600x450.jpg 600w\" sizes=\"auto, (max-width: 800px) 100vw, 800px\" \/><\/div><\/div><\/div><\/div>[\/vc_column_inner][\/vc_row_inner]<\/div><\/div><\/div><\/div>[\/vc_column][\/vc_row][vc_row][vc_column]<div id=\"cz_46377\" class=\"cz_46377 slick arrows_mlr no_dots arrows_inner arrows_show_on_hover\" data-slick='{\"selector\":\"\",\"slidesToShow\":3,\"slidesToScroll\":1,\"rows\":1,\"fade\":false,\"vertical\":false,\"verticalSwiping\":false,\"infinite\":false,\"speed\":1000,\"swipeToSlide\":true,\"centerMode\":false,\"centerPadding\":\"\",\"variableWidth\":false,\"autoplay\":false,\"autoplaySpeed\":4000,\"dots\":true,\"counts\":false,\"responsive\":[{\"breakpoint\":769,\"settings\":{\"slidesToShow\":2,\"slidesToScroll\":1,\"infinite\":true,\"touchMove\":true}},{\"breakpoint\":481,\"settings\":{\"slidesToShow\":1,\"slidesToScroll\":1,\"infinite\":true,\"touchMove\":true}}]}' data-slick-prev=\"fa fa-chevron-left\" data-slick-next=\"fa fa-chevron-right\"><a href=\"https:\/\/sovaretail.com\/wp-content\/uploads\/2022\/05\/ozel-urun-1.jpg\" data-xtra-lightbox><div id=\"cz_63577\" data-position=\"top-right\" class=\"cz_63577 cz_image clr cz_image_no_fx center_on_mobile\"><div class=\"\" ><div class=\"cz_image_in\"><div class=\"cz_main_image\"><img loading=\"lazy\" decoding=\"async\" width=\"1080\" height=\"832\" src=\"https:\/\/sovaretail.com\/wp-content\/uploads\/2022\/05\/ozel-urun-1.jpg\" class=\"attachment-full\" alt=\"\" title=\"special-product-1\" srcset=\"https:\/\/sovaretail.com\/wp-content\/uploads\/2022\/05\/ozel-urun-1.jpg 1080w, https:\/\/sovaretail.com\/wp-content\/uploads\/2022\/05\/ozel-urun-1-300x231.jpg 300w, https:\/\/sovaretail.com\/wp-content\/uploads\/2022\/05\/ozel-urun-1-1024x789.jpg 1024w, https:\/\/sovaretail.com\/wp-content\/uploads\/2022\/05\/ozel-urun-1-768x592.jpg 768w, https:\/\/sovaretail.com\/wp-content\/uploads\/2022\/05\/ozel-urun-1-600x462.jpg 600w\" sizes=\"auto, (max-width: 1080px) 100vw, 1080px\" \/><\/div><\/div><\/div><\/div><\/a><a href=\"https:\/\/sovaretail.com\/wp-content\/uploads\/2022\/05\/ozel-urun-2.jpg\" data-xtra-lightbox><div id=\"cz_77256\" data-position=\"top-right\" class=\"cz_77256 cz_image clr cz_image_no_fx center_on_mobile\"><div class=\"\" ><div class=\"cz_image_in\"><div class=\"cz_main_image\"><img loading=\"lazy\" decoding=\"async\" width=\"1080\" height=\"832\" src=\"https:\/\/sovaretail.com\/wp-content\/uploads\/2022\/05\/ozel-urun-2.jpg\" class=\"attachment-full\" alt=\"\" title=\"special-product-2\" srcset=\"https:\/\/sovaretail.com\/wp-content\/uploads\/2022\/05\/ozel-urun-2.jpg 1080w, https:\/\/sovaretail.com\/wp-content\/uploads\/2022\/05\/ozel-urun-2-300x231.jpg 300w, https:\/\/sovaretail.com\/wp-content\/uploads\/2022\/05\/ozel-urun-2-1024x789.jpg 1024w, https:\/\/sovaretail.com\/wp-content\/uploads\/2022\/05\/ozel-urun-2-768x592.jpg 768w, https:\/\/sovaretail.com\/wp-content\/uploads\/2022\/05\/ozel-urun-2-600x462.jpg 600w\" sizes=\"auto, (max-width: 1080px) 100vw, 1080px\" \/><\/div><\/div><\/div><\/div><\/a><a href=\"https:\/\/sovaretail.com\/wp-content\/uploads\/2022\/05\/ozel-urun-3.jpg\" data-xtra-lightbox><div id=\"cz_41505\" data-position=\"top-right\" class=\"cz_41505 cz_image clr cz_image_no_fx center_on_mobile\"><div class=\"\" ><div class=\"cz_image_in\"><div class=\"cz_main_image\"><img loading=\"lazy\" decoding=\"async\" width=\"1080\" height=\"832\" src=\"https:\/\/sovaretail.com\/wp-content\/uploads\/2022\/05\/ozel-urun-3.jpg\" class=\"attachment-full\" alt=\"\" title=\"special-product-3\" srcset=\"https:\/\/sovaretail.com\/wp-content\/uploads\/2022\/05\/ozel-urun-3.jpg 1080w, https:\/\/sovaretail.com\/wp-content\/uploads\/2022\/05\/ozel-urun-3-300x231.jpg 300w, https:\/\/sovaretail.com\/wp-content\/uploads\/2022\/05\/ozel-urun-3-1024x789.jpg 1024w, https:\/\/sovaretail.com\/wp-content\/uploads\/2022\/05\/ozel-urun-3-768x592.jpg 768w, https:\/\/sovaretail.com\/wp-content\/uploads\/2022\/05\/ozel-urun-3-600x462.jpg 600w\" sizes=\"auto, (max-width: 1080px) 100vw, 1080px\" \/><\/div><\/div><\/div><\/div><\/a><a href=\"https:\/\/sovaretail.com\/wp-content\/uploads\/2022\/05\/ozel-urun-4.jpg\" data-xtra-lightbox><div id=\"cz_64145\" data-position=\"top-right\" class=\"cz_64145 cz_image clr cz_image_no_fx center_on_mobile\"><div class=\"\" ><div class=\"cz_image_in\"><div class=\"cz_main_image\"><img loading=\"lazy\" decoding=\"async\" width=\"1080\" height=\"832\" src=\"https:\/\/sovaretail.com\/wp-content\/uploads\/2022\/05\/ozel-urun-4.jpg\" class=\"attachment-full\" alt=\"\" title=\"special-product-4\" srcset=\"https:\/\/sovaretail.com\/wp-content\/uploads\/2022\/05\/ozel-urun-4.jpg 1080w, https:\/\/sovaretail.com\/wp-content\/uploads\/2022\/05\/ozel-urun-4-300x231.jpg 300w, https:\/\/sovaretail.com\/wp-content\/uploads\/2022\/05\/ozel-urun-4-1024x789.jpg 1024w, https:\/\/sovaretail.com\/wp-content\/uploads\/2022\/05\/ozel-urun-4-768x592.jpg 768w, https:\/\/sovaretail.com\/wp-content\/uploads\/2022\/05\/ozel-urun-4-600x462.jpg 600w\" sizes=\"auto, (max-width: 1080px) 100vw, 1080px\" \/><\/div><\/div><\/div><\/div><\/a><a href=\"https:\/\/sovaretail.com\/wp-content\/uploads\/2022\/05\/ozel-urun-5.jpg\" data-xtra-lightbox><div id=\"cz_13037\" data-position=\"top-right\" class=\"cz_13037 cz_image clr cz_image_no_fx center_on_mobile\"><div class=\"\" ><div class=\"cz_image_in\"><div class=\"cz_main_image\"><img loading=\"lazy\" decoding=\"async\" width=\"1080\" height=\"832\" src=\"https:\/\/sovaretail.com\/wp-content\/uploads\/2022\/05\/ozel-urun-5.jpg\" class=\"attachment-full\" alt=\"\" title=\"special-product-5\" srcset=\"https:\/\/sovaretail.com\/wp-content\/uploads\/2022\/05\/ozel-urun-5.jpg 1080w, https:\/\/sovaretail.com\/wp-content\/uploads\/2022\/05\/ozel-urun-5-300x231.jpg 300w, https:\/\/sovaretail.com\/wp-content\/uploads\/2022\/05\/ozel-urun-5-1024x789.jpg 1024w, https:\/\/sovaretail.com\/wp-content\/uploads\/2022\/05\/ozel-urun-5-768x592.jpg 768w, https:\/\/sovaretail.com\/wp-content\/uploads\/2022\/05\/ozel-urun-5-600x462.jpg 600w\" sizes=\"auto, (max-width: 1080px) 100vw, 1080px\" \/><\/div><\/div><\/div><\/div><\/a><a href=\"https:\/\/sovaretail.com\/wp-content\/uploads\/2022\/05\/ozel-urun-6.jpg\" data-xtra-lightbox><div id=\"cz_28263\" data-position=\"top-right\" class=\"cz_28263 cz_image clr cz_image_no_fx center_on_mobile\"><div class=\"\" ><div class=\"cz_image_in\"><div class=\"cz_main_image\"><img loading=\"lazy\" decoding=\"async\" width=\"1080\" height=\"832\" src=\"https:\/\/sovaretail.com\/wp-content\/uploads\/2022\/05\/ozel-urun-6.jpg\" class=\"attachment-full\" alt=\"\" title=\"special-product-6\" srcset=\"https:\/\/sovaretail.com\/wp-content\/uploads\/2022\/05\/ozel-urun-6.jpg 1080w, https:\/\/sovaretail.com\/wp-content\/uploads\/2022\/05\/ozel-urun-6-300x231.jpg 300w, https:\/\/sovaretail.com\/wp-content\/uploads\/2022\/05\/ozel-urun-6-1024x789.jpg 1024w, https:\/\/sovaretail.com\/wp-content\/uploads\/2022\/05\/ozel-urun-6-768x592.jpg 768w, https:\/\/sovaretail.com\/wp-content\/uploads\/2022\/05\/ozel-urun-6-600x462.jpg 600w\" sizes=\"auto, (max-width: 1080px) 100vw, 1080px\" \/><\/div><\/div><\/div><\/div><\/a><a href=\"https:\/\/sovaretail.com\/wp-content\/uploads\/2022\/05\/ozel-urun-7.jpg\" data-xtra-lightbox><div id=\"cz_18271\" data-position=\"top-right\" class=\"cz_18271 cz_image clr cz_image_no_fx center_on_mobile\"><div class=\"\" ><div class=\"cz_image_in\"><div class=\"cz_main_image\"><img loading=\"lazy\" decoding=\"async\" width=\"1080\" height=\"832\" src=\"https:\/\/sovaretail.com\/wp-content\/uploads\/2022\/05\/ozel-urun-7.jpg\" class=\"attachment-full\" alt=\"\" title=\"special-product-7\" srcset=\"https:\/\/sovaretail.com\/wp-content\/uploads\/2022\/05\/ozel-urun-7.jpg 1080w, https:\/\/sovaretail.com\/wp-content\/uploads\/2022\/05\/ozel-urun-7-300x231.jpg 300w, https:\/\/sovaretail.com\/wp-content\/uploads\/2022\/05\/ozel-urun-7-1024x789.jpg 1024w, https:\/\/sovaretail.com\/wp-content\/uploads\/2022\/05\/ozel-urun-7-768x592.jpg 768w, https:\/\/sovaretail.com\/wp-content\/uploads\/2022\/05\/ozel-urun-7-600x462.jpg 600w\" sizes=\"auto, (max-width: 1080px) 100vw, 1080px\" \/><\/div><\/div><\/div><\/div><\/a><a href=\"https:\/\/sovaretail.com\/wp-content\/uploads\/2022\/05\/ozel-urun-8.jpg\" data-xtra-lightbox><div id=\"cz_103731\" data-position=\"top-right\" class=\"cz_103731 cz_image clr cz_image_no_fx center_on_mobile\"><div class=\"\" ><div class=\"cz_image_in\"><div class=\"cz_main_image\"><img loading=\"lazy\" decoding=\"async\" width=\"1080\" height=\"832\" src=\"https:\/\/sovaretail.com\/wp-content\/uploads\/2022\/05\/ozel-urun-8.jpg\" class=\"attachment-full\" alt=\"\" title=\"special-product-8\" srcset=\"https:\/\/sovaretail.com\/wp-content\/uploads\/2022\/05\/ozel-urun-8.jpg 1080w, https:\/\/sovaretail.com\/wp-content\/uploads\/2022\/05\/ozel-urun-8-300x231.jpg 300w, https:\/\/sovaretail.com\/wp-content\/uploads\/2022\/05\/ozel-urun-8-1024x789.jpg 1024w, https:\/\/sovaretail.com\/wp-content\/uploads\/2022\/05\/ozel-urun-8-768x592.jpg 768w, https:\/\/sovaretail.com\/wp-content\/uploads\/2022\/05\/ozel-urun-8-600x462.jpg 600w\" sizes=\"auto, (max-width: 1080px) 100vw, 1080px\" \/><\/div><\/div><\/div><\/div><\/a><a href=\"https:\/\/sovaretail.com\/wp-content\/uploads\/2022\/05\/ozel-urun-9.jpg\" data-xtra-lightbox><div id=\"cz_70170\" data-position=\"top-right\" class=\"cz_70170 cz_image clr cz_image_no_fx center_on_mobile\"><div class=\"\" ><div class=\"cz_image_in\"><div class=\"cz_main_image\"><img loading=\"lazy\" decoding=\"async\" width=\"1080\" height=\"832\" src=\"https:\/\/sovaretail.com\/wp-content\/uploads\/2022\/05\/ozel-urun-9.jpg\" class=\"attachment-full\" alt=\"\" title=\"special-product-9\" srcset=\"https:\/\/sovaretail.com\/wp-content\/uploads\/2022\/05\/ozel-urun-9.jpg 1080w, https:\/\/sovaretail.com\/wp-content\/uploads\/2022\/05\/ozel-urun-9-300x231.jpg 300w, https:\/\/sovaretail.com\/wp-content\/uploads\/2022\/05\/ozel-urun-9-1024x789.jpg 1024w, https:\/\/sovaretail.com\/wp-content\/uploads\/2022\/05\/ozel-urun-9-768x592.jpg 768w, https:\/\/sovaretail.com\/wp-content\/uploads\/2022\/05\/ozel-urun-9-600x462.jpg 600w\" sizes=\"auto, (max-width: 1080px) 100vw, 1080px\" \/><\/div><\/div><\/div><\/div><\/a><a href=\"https:\/\/sovaretail.com\/wp-content\/uploads\/2022\/05\/ozel-urun-10.jpg\" data-xtra-lightbox><div id=\"cz_107884\" data-position=\"top-right\" class=\"cz_107884 cz_image clr cz_image_no_fx center_on_mobile\"><div class=\"\" ><div class=\"cz_image_in\"><div class=\"cz_main_image\"><img loading=\"lazy\" decoding=\"async\" width=\"1080\" height=\"832\" src=\"https:\/\/sovaretail.com\/wp-content\/uploads\/2022\/05\/ozel-urun-10.jpg\" class=\"attachment-full\" alt=\"\" title=\"special-product-10\" srcset=\"https:\/\/sovaretail.com\/wp-content\/uploads\/2022\/05\/ozel-urun-10.jpg 1080w, https:\/\/sovaretail.com\/wp-content\/uploads\/2022\/05\/ozel-urun-10-300x231.jpg 300w, https:\/\/sovaretail.com\/wp-content\/uploads\/2022\/05\/ozel-urun-10-1024x789.jpg 1024w, https:\/\/sovaretail.com\/wp-content\/uploads\/2022\/05\/ozel-urun-10-768x592.jpg 768w, https:\/\/sovaretail.com\/wp-content\/uploads\/2022\/05\/ozel-urun-10-600x462.jpg 600w\" sizes=\"auto, (max-width: 1080px) 100vw, 1080px\" \/><\/div><\/div><\/div><\/div><\/a><a href=\"https:\/\/sovaretail.com\/wp-content\/uploads\/2022\/05\/ozel-urun-11.jpg\" data-xtra-lightbox><div id=\"cz_52272\" data-position=\"top-right\" class=\"cz_52272 cz_image clr cz_image_no_fx center_on_mobile\"><div class=\"\" ><div class=\"cz_image_in\"><div class=\"cz_main_image\"><img loading=\"lazy\" decoding=\"async\" width=\"1080\" height=\"832\" src=\"https:\/\/sovaretail.com\/wp-content\/uploads\/2022\/05\/ozel-urun-11.jpg\" class=\"attachment-full\" alt=\"\" title=\"special-product-11\" srcset=\"https:\/\/sovaretail.com\/wp-content\/uploads\/2022\/05\/ozel-urun-11.jpg 1080w, https:\/\/sovaretail.com\/wp-content\/uploads\/2022\/05\/ozel-urun-11-300x231.jpg 300w, https:\/\/sovaretail.com\/wp-content\/uploads\/2022\/05\/ozel-urun-11-1024x789.jpg 1024w, https:\/\/sovaretail.com\/wp-content\/uploads\/2022\/05\/ozel-urun-11-768x592.jpg 768w, https:\/\/sovaretail.com\/wp-content\/uploads\/2022\/05\/ozel-urun-11-600x462.jpg 600w\" sizes=\"auto, (max-width: 1080px) 100vw, 1080px\" \/><\/div><\/div><\/div><\/div><\/a><\/div><div><\/div>[\/vc_column][\/vc_row][vc_row css=&#8221;.vc_custom_1648565084805{padding-top: 30px !important;padding-bottom: 0px !important;}&#8221;][vc_column]<div id=\"cz_105399\" class=\"cz_105399 cz_title clr cz_mobile_text_center cz_title_pos_inline\"><div class=\"cz_title_content\"><span class=\"cz_line_side_solo\">_<\/span><div class=\"cz_wpe_content\"><h3><strong>EXAMPLE \/ <\/strong>PROJECTS<\/h3>\n<\/div><\/div><\/div><div class=\"cz_gap clr \" style=\"height: 40px\"><\/div><div id=\"cz_14942\" class=\"cz_14942 cz_title clr cz_title_pos_inline tac\"><div class=\"cz_title_content\"><div class=\"cz_wpe_content\"><div class=\"cz_wrap clr\">\n<div id=\"cz_15682\" class=\"cz_15682 cz_title clr cz_title_pos_inline tac\">\n<div class=\"cz_title_content\">\n<div class=\"cz_wpe_content\">\n<div class=\"cz_wrap clr\">\n<div id=\"cz_15682\" class=\"cz_15682 cz_title clr cz_title_pos_inline tac\">\n<div class=\"cz_title_content\">\n<div class=\"cz_wpe_content\">\n<p style=\"text-align: center;\">INSPIRING WORKS<\/p>\n<h2 style=\"text-align: center;\">THAT MAKE A DIFFERENCE<\/h2>\n<\/div>\n<\/div>\n<\/div>\n<\/div>\n<div class=\"wpb_text_column wpb_content_element wpb_animate_when_almost_visible wpb_fadeInUp fadeInUp wpb_start_animation animated\">\n<div class=\"wpb_wrapper\">\n<p style=\"text-align: center;\">Review the sample projects and learn more about our vision and how we can contribute to your business.<\/p>\n<\/div>\n<\/div>\n<\/div>\n<\/div>\n<\/div>\n<\/div>\n<\/div><\/div><\/div><div class=\"cz_gap clr \" style=\"height: 20px\"><\/div>[vc_basic_grid post_type=&#8221;portfolio&#8221; max_items=&#8221;4&#8243; element_width=&#8221;3&#8243; gap=&#8221;10&#8243; orderby=&#8221;rand&#8221; css=&#8221;&#8221; grid_id=&#8221;vc_gid:1733910155948-1d539e71-052a-1&#8243; taxonomies=&#8221;141&#8243;][\/vc_column][\/vc_row][vc_row css=&#8221;.vc_custom_1648565084805{padding-top: 30px !important;padding-bottom: 0px !important;}&#8221;][vc_column]<div id=\"cz_86032\" class=\"cz_86032 cz_title clr cz_mobile_text_center cz_title_pos_inline\"><div class=\"cz_title_content\"><span class=\"cz_line_side_solo\">_<\/span><div class=\"cz_wpe_content\"><h3><strong><span style=\"vertical-align: inherit;\"><span style=\"vertical-align: inherit;\">SOLID \/<\/span><\/span><\/strong> <span style=\"vertical-align: inherit;\"><span style=\"vertical-align: inherit;\">SOLUTION IN DETAIL<\/span><\/span><\/h3>\n<\/div><\/div><\/div><div class=\"cz_gap clr \" style=\"height: 40px\"><\/div><div class=\"cz_gap clr  hide_on_mobile\" style=\"height: 0px\"><\/div><div class=\"cz_gap show_on_mobile clr\" style=\"height: 40px\"><\/div><div id=\"cz_61931\" class=\"cz_61931 cz_title clr cz_title_pos_inline tac\"><div class=\"cz_title_content\"><div class=\"cz_wpe_content\"><p style=\"text-align: center;\">SOLUTION IS HIDDEN IN DETAILS<\/p>\n<h2 style=\"text-align: center;\">360 DEGREE ROBUST SOLUTIONS IN EVERY STAGE<\/h2>\n<\/div><\/div><\/div>[\/vc_column][\/vc_row][vc_row full_width=&#8221;stretch_row&#8221;][vc_column offset=&#8221;vc_hidden-sm vc_hidden-xs&#8221;][vc_single_image image=&#8221;3070&#8243; img_size=&#8221;full&#8221; alignment=&#8221;center&#8221;][\/vc_column][\/vc_row][vc_row full_width=&#8221;stretch_row&#8221;][vc_column offset=&#8221;vc_hidden-lg vc_hidden-md&#8221;][vc_single_image image=&#8221;3072&#8243; img_size=&#8221;full&#8221; alignment=&#8221;center&#8221;][\/vc_column][\/vc_row]<\/p>\n<\/div>","protected":false},"excerpt":{"rendered":"<p>[vc_row][vc_column][vc_column_text css_animation=&#8221;fadeInUp&#8221;] Just tell us what you have in mind or &#8230; <\/p>\n","protected":false},"author":1,"featured_media":0,"parent":0,"menu_order":0,"comment_status":"closed","ping_status":"closed","template":"","meta":{"footnotes":""},"class_list":["post-2938","page","type-page","status-publish","hentry"],"yoast_head":"<!-- This site is optimized with the Yoast SEO plugin v25.9 - https:\/\/yoast.com\/wordpress\/plugins\/seo\/ -->\n<title>Bespoke - Sova Retail Solutions<\/title>\n<meta name=\"robots\" content=\"index, follow, max-snippet:-1, max-image-preview:large, max-video-preview:-1\" \/>\n<link rel=\"canonical\" href=\"https:\/\/sovaretail.com\/en\/bespoke-solutions\/\" \/>\n<meta property=\"og:locale\" content=\"en_US\" \/>\n<meta property=\"og:type\" content=\"article\" \/>\n<meta property=\"og:title\" content=\"Bespoke - Sova Retail Solutions\" \/>\n<meta property=\"og:description\" content=\"[vc_row][vc_column][vc_column_text css_animation=&#8221;fadeInUp&#8221;] Just tell us what you have in mind or ...\" \/>\n<meta property=\"og:url\" content=\"https:\/\/sovaretail.com\/en\/bespoke-solutions\/\" \/>\n<meta property=\"og:site_name\" content=\"Sova Retail Solutions\" \/>\n<meta property=\"article:modified_time\" content=\"2024-12-11T09:47:19+00:00\" \/>\n<meta name=\"twitter:card\" content=\"summary_large_image\" \/>\n<meta name=\"twitter:label1\" content=\"Est. reading time\" \/>\n\t<meta name=\"twitter:data1\" content=\"2 minutes\" \/>\n<script type=\"application\/ld+json\" class=\"yoast-schema-graph\">{\"@context\":\"https:\/\/schema.org\",\"@graph\":[{\"@type\":\"WebPage\",\"@id\":\"https:\/\/sovaretail.com\/en\/bespoke-solutions\/\",\"url\":\"https:\/\/sovaretail.com\/en\/bespoke-solutions\/\",\"name\":\"Bespoke - Sova Retail Solutions\",\"isPartOf\":{\"@id\":\"https:\/\/sovaretail.com\/en\/#website\"},\"datePublished\":\"2022-04-25T12:44:35+00:00\",\"dateModified\":\"2024-12-11T09:47:19+00:00\",\"breadcrumb\":{\"@id\":\"https:\/\/sovaretail.com\/en\/bespoke-solutions\/#breadcrumb\"},\"inLanguage\":\"en-US\",\"potentialAction\":[{\"@type\":\"ReadAction\",\"target\":[\"https:\/\/sovaretail.com\/en\/bespoke-solutions\/\"]}]},{\"@type\":\"BreadcrumbList\",\"@id\":\"https:\/\/sovaretail.com\/en\/bespoke-solutions\/#breadcrumb\",\"itemListElement\":[{\"@type\":\"ListItem\",\"position\":1,\"name\":\"Home page\",\"item\":\"https:\/\/sovaretail.com\/en\/\"},{\"@type\":\"ListItem\",\"position\":2,\"name\":\"Bespoke\"}]},{\"@type\":\"WebSite\",\"@id\":\"https:\/\/sovaretail.com\/en\/#website\",\"url\":\"https:\/\/sovaretail.com\/en\/\",\"name\":\"Sova Retail Solutions\",\"description\":\"Market Ekipmanlar\u0131 ve Ma\u011faza Donan\u0131mlar\u0131\",\"publisher\":{\"@id\":\"https:\/\/sovaretail.com\/en\/#organization\"},\"potentialAction\":[{\"@type\":\"SearchAction\",\"target\":{\"@type\":\"EntryPoint\",\"urlTemplate\":\"https:\/\/sovaretail.com\/en\/?s={search_term_string}\"},\"query-input\":{\"@type\":\"PropertyValueSpecification\",\"valueRequired\":true,\"valueName\":\"search_term_string\"}}],\"inLanguage\":\"en-US\"},{\"@type\":\"Organization\",\"@id\":\"https:\/\/sovaretail.com\/en\/#organization\",\"name\":\"Sova Retail Solutions\",\"url\":\"https:\/\/sovaretail.com\/en\/\",\"logo\":{\"@type\":\"ImageObject\",\"inLanguage\":\"en-US\",\"@id\":\"https:\/\/sovaretail.com\/en\/#\/schema\/logo\/image\/\",\"url\":\"https:\/\/sovaretail.com\/wp-content\/uploads\/2022\/05\/u\u0308ru\u0308n-bros\u0327u\u0308ru\u0308.jpg\",\"contentUrl\":\"https:\/\/sovaretail.com\/wp-content\/uploads\/2022\/05\/u\u0308ru\u0308n-bros\u0327u\u0308ru\u0308.jpg\",\"width\":1080,\"height\":810,\"caption\":\"Sova Retail Solutions\"},\"image\":{\"@id\":\"https:\/\/sovaretail.com\/en\/#\/schema\/logo\/image\/\"}}]}<\/script>\n<!-- \/ Yoast SEO plugin. -->","yoast_head_json":{"title":"Bespoke - Sova Retail Solutions","robots":{"index":"index","follow":"follow","max-snippet":"max-snippet:-1","max-image-preview":"max-image-preview:large","max-video-preview":"max-video-preview:-1"},"canonical":"https:\/\/sovaretail.com\/en\/bespoke-solutions\/","og_locale":"en_US","og_type":"article","og_title":"Bespoke - Sova Retail Solutions","og_description":"[vc_row][vc_column][vc_column_text css_animation=&#8221;fadeInUp&#8221;] Just tell us what you have in mind or ...","og_url":"https:\/\/sovaretail.com\/en\/bespoke-solutions\/","og_site_name":"Sova Retail Solutions","article_modified_time":"2024-12-11T09:47:19+00:00","twitter_card":"summary_large_image","twitter_misc":{"Est. reading time":"2 minutes"},"schema":{"@context":"https:\/\/schema.org","@graph":[{"@type":"WebPage","@id":"https:\/\/sovaretail.com\/en\/bespoke-solutions\/","url":"https:\/\/sovaretail.com\/en\/bespoke-solutions\/","name":"Bespoke - Sova Retail Solutions","isPartOf":{"@id":"https:\/\/sovaretail.com\/en\/#website"},"datePublished":"2022-04-25T12:44:35+00:00","dateModified":"2024-12-11T09:47:19+00:00","breadcrumb":{"@id":"https:\/\/sovaretail.com\/en\/bespoke-solutions\/#breadcrumb"},"inLanguage":"en-US","potentialAction":[{"@type":"ReadAction","target":["https:\/\/sovaretail.com\/en\/bespoke-solutions\/"]}]},{"@type":"BreadcrumbList","@id":"https:\/\/sovaretail.com\/en\/bespoke-solutions\/#breadcrumb","itemListElement":[{"@type":"ListItem","position":1,"name":"Home page","item":"https:\/\/sovaretail.com\/en\/"},{"@type":"ListItem","position":2,"name":"Bespoke"}]},{"@type":"WebSite","@id":"https:\/\/sovaretail.com\/en\/#website","url":"https:\/\/sovaretail.com\/en\/","name":"Sova Retail Solutions","description":"Market Ekipmanlar\u0131 ve Ma\u011faza Donan\u0131mlar\u0131","publisher":{"@id":"https:\/\/sovaretail.com\/en\/#organization"},"potentialAction":[{"@type":"SearchAction","target":{"@type":"EntryPoint","urlTemplate":"https:\/\/sovaretail.com\/en\/?s={search_term_string}"},"query-input":{"@type":"PropertyValueSpecification","valueRequired":true,"valueName":"search_term_string"}}],"inLanguage":"en-US"},{"@type":"Organization","@id":"https:\/\/sovaretail.com\/en\/#organization","name":"Sova Retail Solutions","url":"https:\/\/sovaretail.com\/en\/","logo":{"@type":"ImageObject","inLanguage":"en-US","@id":"https:\/\/sovaretail.com\/en\/#\/schema\/logo\/image\/","url":"https:\/\/sovaretail.com\/wp-content\/uploads\/2022\/05\/u\u0308ru\u0308n-bros\u0327u\u0308ru\u0308.jpg","contentUrl":"https:\/\/sovaretail.com\/wp-content\/uploads\/2022\/05\/u\u0308ru\u0308n-bros\u0327u\u0308ru\u0308.jpg","width":1080,"height":810,"caption":"Sova Retail Solutions"},"image":{"@id":"https:\/\/sovaretail.com\/en\/#\/schema\/logo\/image\/"}}]}},"_links":{"self":[{"href":"https:\/\/sovaretail.com\/en\/wp-json\/wp\/v2\/pages\/2938","targetHints":{"allow":["GET"]}}],"collection":[{"href":"https:\/\/sovaretail.com\/en\/wp-json\/wp\/v2\/pages"}],"about":[{"href":"https:\/\/sovaretail.com\/en\/wp-json\/wp\/v2\/types\/page"}],"author":[{"embeddable":true,"href":"https:\/\/sovaretail.com\/en\/wp-json\/wp\/v2\/users\/1"}],"replies":[{"embeddable":true,"href":"https:\/\/sovaretail.com\/en\/wp-json\/wp\/v2\/comments?post=2938"}],"version-history":[{"count":3,"href":"https:\/\/sovaretail.com\/en\/wp-json\/wp\/v2\/pages\/2938\/revisions"}],"predecessor-version":[{"id":10381,"href":"https:\/\/sovaretail.com\/en\/wp-json\/wp\/v2\/pages\/2938\/revisions\/10381"}],"wp:attachment":[{"href":"https:\/\/sovaretail.com\/en\/wp-json\/wp\/v2\/media?parent=2938"}],"curies":[{"name":"wp","href":"https:\/\/api.w.org\/{rel}","templated":true}]}}