{"id":3130,"date":"2022-05-12T23:04:59","date_gmt":"2022-05-12T20:04:59","guid":{"rendered":"https:\/\/sovaretail.com\/farmarack-drawer-system\/"},"modified":"2026-01-11T15:24:47","modified_gmt":"2026-01-11T12:24:47","slug":"farmarack-drugstore-drawer-system","status":"publish","type":"page","link":"https:\/\/sovaretail.com\/en\/farmarack-drugstore-drawer-system\/","title":{"rendered":"Farmarack Pharmacy Drawer Storage System"},"content":{"rendered":"<div class=\"wpb-content-wrapper\"><p>[vc_row][vc_column]<div class=\"cz_gap clr  hide_on_mobile\" style=\"height: 85px\"><\/div><div class=\"cz_gap show_on_mobile clr\" style=\"height: 75px\"><\/div>[\/vc_column][\/vc_row][vc_row][vc_column width=&#8221;1\/3&#8243; el_class=&#8221;cz_sticky_col&#8221;]<div id=\"cz_91540\" class=\"cz_91540 cz_title clr cz_title_pos_inline\"><div class=\"cz_title_content\"><div class=\"cz_wpe_content\"><h1>Farmarack Drawer System<\/h1>\n<\/div><\/div><\/div><div class=\"cz_gap clr \" style=\"height: 10px\"><\/div>[vc_column_text css=&#8221;.vc_custom_1768134139002{margin-bottom: 40px !important;}&#8221;]The Farmarack drawer system maximizes the non-pharmaceutical sales area as much as possible by gathering the drugs that take up the most space in drugstores in a much smaller area.<\/p>\n<p>With the Farmarack Drawer System designed for drugstores\/pharmacies and pharmaceutical warehouses, you can have maximum stock in minimum space. With its adaptable and customizable configurations that seamlessly blend into the existing concept of your drugstore, Farmarack helps your business grow.<\/p>\n<p>Offers minimal space usage for drug display and stock. Enables high-capacity drug stock with its deep and telescopic fully opening drawers. Provides easy access to all drugs with its telescopic ladder and labeling system.<\/p>\n<p>Farmarack pharmacy drawer systems can be adapted to a pharmacy&#8217;s existing visual concept and used seamlessly by integrating with existing shelves and other decorative elements.[\/vc_column_text][\/vc_column][vc_column width=&#8221;2\/3&#8243;]<div id=\"cz9279\" class=\"cz9279 slick arrows_mlr no_dots arrows_inner\" data-slick='{\"selector\":\"\",\"slidesToShow\":1,\"slidesToScroll\":1,\"rows\":1,\"fade\":false,\"vertical\":false,\"verticalSwiping\":false,\"infinite\":false,\"speed\":1000,\"swipeToSlide\":true,\"centerMode\":false,\"centerPadding\":\"\",\"variableWidth\":false,\"autoplay\":false,\"autoplaySpeed\":4000,\"dots\":true,\"counts\":false,\"responsive\":[{\"breakpoint\":769,\"settings\":{\"slidesToShow\":2,\"slidesToScroll\":1,\"infinite\":true,\"touchMove\":true}},{\"breakpoint\":481,\"settings\":{\"slidesToShow\":1,\"slidesToScroll\":1,\"infinite\":true,\"touchMove\":true}}]}' data-slick-prev=\"fa fa-chevron-left\" data-slick-next=\"fa fa-chevron-right\"><div id=\"cz_22285\" class=\"cz_grid_p cz_22285\"><div class=\"cz_grid cz_grid_1 clr cz_grid_carousel cz_grid_1_no_title cz_grid_1_mid tac\"><div class=\"cz_grid_item cz_grid_first\"><\/div><div class=\"cz_grid_item \"><div data-title=\"farmarack-ezcane-cekmecesi-1\"><a class=\"cz_grid_link \" href=\"https:\/\/sovaretail.com\/wp-content\/uploads\/2026\/01\/farmarack-ezcane-cekmecesi-1.jpeg\" data-xtra-lightbox><img loading=\"lazy\" decoding=\"async\" width=\"1536\" height=\"1024\" src=\"https:\/\/sovaretail.com\/wp-content\/uploads\/2026\/01\/farmarack-ezcane-cekmecesi-1.jpeg\" class=\"attachment-full\" alt=\"\" title=\"farmarack-ezcane-cekmecesi-1\" srcset=\"https:\/\/sovaretail.com\/wp-content\/uploads\/2026\/01\/farmarack-ezcane-cekmecesi-1.jpeg 1536w, https:\/\/sovaretail.com\/wp-content\/uploads\/2026\/01\/farmarack-ezcane-cekmecesi-1-300x200.jpeg 300w, https:\/\/sovaretail.com\/wp-content\/uploads\/2026\/01\/farmarack-ezcane-cekmecesi-1-1024x683.jpeg 1024w, https:\/\/sovaretail.com\/wp-content\/uploads\/2026\/01\/farmarack-ezcane-cekmecesi-1-768x512.jpeg 768w, https:\/\/sovaretail.com\/wp-content\/uploads\/2026\/01\/farmarack-ezcane-cekmecesi-1-600x400.jpeg 600w\" sizes=\"auto, (max-width: 1536px) 100vw, 1536px\" \/><div class=\"cz_grid_details\"><i class=\"fa fa-search cz_grid_icon\"><\/i><\/div><\/a><\/div><\/div><div class=\"cz_grid_item \"><div data-title=\"farmarack-ezcane-cekmecesi-2\"><a class=\"cz_grid_link \" href=\"https:\/\/sovaretail.com\/wp-content\/uploads\/2026\/01\/farmarack-ezcane-cekmecesi-2.jpeg\" data-xtra-lightbox><img loading=\"lazy\" decoding=\"async\" width=\"1536\" height=\"1024\" src=\"https:\/\/sovaretail.com\/wp-content\/uploads\/2026\/01\/farmarack-ezcane-cekmecesi-2.jpeg\" class=\"attachment-full\" alt=\"\" title=\"farmarack-ezcane-cekmecesi-2\" srcset=\"https:\/\/sovaretail.com\/wp-content\/uploads\/2026\/01\/farmarack-ezcane-cekmecesi-2.jpeg 1536w, https:\/\/sovaretail.com\/wp-content\/uploads\/2026\/01\/farmarack-ezcane-cekmecesi-2-300x200.jpeg 300w, https:\/\/sovaretail.com\/wp-content\/uploads\/2026\/01\/farmarack-ezcane-cekmecesi-2-1024x683.jpeg 1024w, https:\/\/sovaretail.com\/wp-content\/uploads\/2026\/01\/farmarack-ezcane-cekmecesi-2-768x512.jpeg 768w, https:\/\/sovaretail.com\/wp-content\/uploads\/2026\/01\/farmarack-ezcane-cekmecesi-2-600x400.jpeg 600w\" sizes=\"auto, (max-width: 1536px) 100vw, 1536px\" \/><div class=\"cz_grid_details\"><i class=\"fa fa-search cz_grid_icon\"><\/i><\/div><\/a><\/div><\/div><div class=\"cz_grid_item \"><div data-title=\"farmarack-ezcane-cekmecesi-5\"><a class=\"cz_grid_link \" href=\"https:\/\/sovaretail.com\/wp-content\/uploads\/2026\/01\/farmarack-ezcane-cekmecesi-5.jpeg\" data-xtra-lightbox><img loading=\"lazy\" decoding=\"async\" width=\"1536\" height=\"1024\" src=\"https:\/\/sovaretail.com\/wp-content\/uploads\/2026\/01\/farmarack-ezcane-cekmecesi-5.jpeg\" class=\"attachment-full\" alt=\"\" title=\"farmarack-ezcane-cekmecesi-5\" srcset=\"https:\/\/sovaretail.com\/wp-content\/uploads\/2026\/01\/farmarack-ezcane-cekmecesi-5.jpeg 1536w, https:\/\/sovaretail.com\/wp-content\/uploads\/2026\/01\/farmarack-ezcane-cekmecesi-5-300x200.jpeg 300w, https:\/\/sovaretail.com\/wp-content\/uploads\/2026\/01\/farmarack-ezcane-cekmecesi-5-1024x683.jpeg 1024w, https:\/\/sovaretail.com\/wp-content\/uploads\/2026\/01\/farmarack-ezcane-cekmecesi-5-768x512.jpeg 768w, https:\/\/sovaretail.com\/wp-content\/uploads\/2026\/01\/farmarack-ezcane-cekmecesi-5-600x400.jpeg 600w\" sizes=\"auto, (max-width: 1536px) 100vw, 1536px\" \/><div class=\"cz_grid_details\"><i class=\"fa fa-search cz_grid_icon\"><\/i><\/div><\/a><\/div><\/div><div class=\"cz_grid_item \"><div data-title=\"farmarack-ezcane-cekmecesi-4\"><a class=\"cz_grid_link \" href=\"https:\/\/sovaretail.com\/wp-content\/uploads\/2026\/01\/farmarack-ezcane-cekmecesi-4.jpeg\" data-xtra-lightbox><img loading=\"lazy\" decoding=\"async\" width=\"1536\" height=\"1024\" src=\"https:\/\/sovaretail.com\/wp-content\/uploads\/2026\/01\/farmarack-ezcane-cekmecesi-4.jpeg\" class=\"attachment-full\" alt=\"\" title=\"farmarack-ezcane-cekmecesi-4\" srcset=\"https:\/\/sovaretail.com\/wp-content\/uploads\/2026\/01\/farmarack-ezcane-cekmecesi-4.jpeg 1536w, https:\/\/sovaretail.com\/wp-content\/uploads\/2026\/01\/farmarack-ezcane-cekmecesi-4-300x200.jpeg 300w, https:\/\/sovaretail.com\/wp-content\/uploads\/2026\/01\/farmarack-ezcane-cekmecesi-4-1024x683.jpeg 1024w, https:\/\/sovaretail.com\/wp-content\/uploads\/2026\/01\/farmarack-ezcane-cekmecesi-4-768x512.jpeg 768w, https:\/\/sovaretail.com\/wp-content\/uploads\/2026\/01\/farmarack-ezcane-cekmecesi-4-600x400.jpeg 600w\" sizes=\"auto, (max-width: 1536px) 100vw, 1536px\" \/><div class=\"cz_grid_details\"><i class=\"fa fa-search cz_grid_icon\"><\/i><\/div><\/a><\/div><\/div><div class=\"cz_grid_item \"><div data-title=\"farmarack-ezcane-cekmecesi-6\"><a class=\"cz_grid_link \" href=\"https:\/\/sovaretail.com\/wp-content\/uploads\/2026\/01\/farmarack-ezcane-cekmecesi-6.jpeg\" data-xtra-lightbox><img loading=\"lazy\" decoding=\"async\" width=\"1536\" height=\"1024\" src=\"https:\/\/sovaretail.com\/wp-content\/uploads\/2026\/01\/farmarack-ezcane-cekmecesi-6.jpeg\" class=\"attachment-full\" alt=\"\" title=\"farmarack-ezcane-cekmecesi-6\" srcset=\"https:\/\/sovaretail.com\/wp-content\/uploads\/2026\/01\/farmarack-ezcane-cekmecesi-6.jpeg 1536w, https:\/\/sovaretail.com\/wp-content\/uploads\/2026\/01\/farmarack-ezcane-cekmecesi-6-300x200.jpeg 300w, https:\/\/sovaretail.com\/wp-content\/uploads\/2026\/01\/farmarack-ezcane-cekmecesi-6-1024x683.jpeg 1024w, https:\/\/sovaretail.com\/wp-content\/uploads\/2026\/01\/farmarack-ezcane-cekmecesi-6-768x512.jpeg 768w, https:\/\/sovaretail.com\/wp-content\/uploads\/2026\/01\/farmarack-ezcane-cekmecesi-6-600x400.jpeg 600w\" sizes=\"auto, (max-width: 1536px) 100vw, 1536px\" \/><div class=\"cz_grid_details\"><i class=\"fa fa-search cz_grid_icon\"><\/i><\/div><\/a><\/div><\/div><div class=\"cz_grid_item \"><div data-title=\"farmarack-ezcane-cekmecesi-7\"><a class=\"cz_grid_link \" href=\"https:\/\/sovaretail.com\/wp-content\/uploads\/2026\/01\/farmarack-ezcane-cekmecesi-7.jpeg\" data-xtra-lightbox><img loading=\"lazy\" decoding=\"async\" width=\"1536\" height=\"1024\" src=\"https:\/\/sovaretail.com\/wp-content\/uploads\/2026\/01\/farmarack-ezcane-cekmecesi-7.jpeg\" class=\"attachment-full\" alt=\"\" title=\"farmarack-ezcane-cekmecesi-7\" srcset=\"https:\/\/sovaretail.com\/wp-content\/uploads\/2026\/01\/farmarack-ezcane-cekmecesi-7.jpeg 1536w, https:\/\/sovaretail.com\/wp-content\/uploads\/2026\/01\/farmarack-ezcane-cekmecesi-7-300x200.jpeg 300w, https:\/\/sovaretail.com\/wp-content\/uploads\/2026\/01\/farmarack-ezcane-cekmecesi-7-1024x683.jpeg 1024w, https:\/\/sovaretail.com\/wp-content\/uploads\/2026\/01\/farmarack-ezcane-cekmecesi-7-768x512.jpeg 768w, https:\/\/sovaretail.com\/wp-content\/uploads\/2026\/01\/farmarack-ezcane-cekmecesi-7-600x400.jpeg 600w\" sizes=\"auto, (max-width: 1536px) 100vw, 1536px\" \/><div class=\"cz_grid_details\"><i class=\"fa fa-search cz_grid_icon\"><\/i><\/div><\/a><\/div><\/div><div class=\"cz_grid_item \"><div data-title=\"farmarack-ezcane-cekmecesi-8\"><a class=\"cz_grid_link \" href=\"https:\/\/sovaretail.com\/wp-content\/uploads\/2026\/01\/farmarack-ezcane-cekmecesi-8.jpeg\" data-xtra-lightbox><img loading=\"lazy\" decoding=\"async\" width=\"1536\" height=\"1024\" src=\"https:\/\/sovaretail.com\/wp-content\/uploads\/2026\/01\/farmarack-ezcane-cekmecesi-8.jpeg\" class=\"attachment-full\" alt=\"\" title=\"farmarack-ezcane-cekmecesi-8\" srcset=\"https:\/\/sovaretail.com\/wp-content\/uploads\/2026\/01\/farmarack-ezcane-cekmecesi-8.jpeg 1536w, https:\/\/sovaretail.com\/wp-content\/uploads\/2026\/01\/farmarack-ezcane-cekmecesi-8-300x200.jpeg 300w, https:\/\/sovaretail.com\/wp-content\/uploads\/2026\/01\/farmarack-ezcane-cekmecesi-8-1024x683.jpeg 1024w, https:\/\/sovaretail.com\/wp-content\/uploads\/2026\/01\/farmarack-ezcane-cekmecesi-8-768x512.jpeg 768w, https:\/\/sovaretail.com\/wp-content\/uploads\/2026\/01\/farmarack-ezcane-cekmecesi-8-600x400.jpeg 600w\" sizes=\"auto, (max-width: 1536px) 100vw, 1536px\" \/><div class=\"cz_grid_details\"><i class=\"fa fa-search cz_grid_icon\"><\/i><\/div><\/a><\/div><\/div><\/div><\/div><\/div><div data-cz-style='#cz9279 .slick-prev{font-size:26px;color:#ffffff;background-color:rgba(185,182,182,0.8)}#cz9279 .slick-next{font-size:26px;color:#ffffff;background-color:rgba(185,182,182,0.8);margin-left:-19px}#cz9279 .slick-list{margin: 0 -5px;clip-path:inset(0 5px 0 5px)}#cz9279 .slick-slide{margin: 0 5px}'><\/div><div class=\"cz_gap clr \" style=\"height: 50px\"><\/div>[\/vc_column][\/vc_row][vc_row][vc_column][vc_column_text css=&#8221;&#8221;]Depending on space availability, the system can be used within the sales area or installed in the back office specifically for storage. With a depth exceeding one meter and a strong bearing system, it meets all of a pharmacy&#8217;s requirements. Units can be installed side-by-side to achieve the desired capacity according to needs.<\/p>\n<p>In addition to storing medicines and pharmaceutical products, the Farmarack drawer storage system is a useful solution for dental storage needs (such as implant equipment and various small dental tools), storage needs in the optical sector, or for storing small, packaged medical and surgical materials that do not require special sterilization.<\/p>\n<p>You can use Farmarack pharmacy drawer storage systems in conjunction with Dynamic! shelving systems and various Sova applications tailored for pharmacies. You can contact us for support to quickly reach an A-to-Z solution that combines pharmacy shelving systems, counters, seating areas, lighting applications, display equipment and accessories, and Farmarack pharmacy drawer storage systems.[\/vc_column_text][vc_row_inner][vc_column_inner width=&#8221;1\/6&#8243;]<div class=\"cz_btn_inline\"><div class=\"cz_63299_p\"><a id=\"cz_63299\" class=\"cz_63299 cz_btn cz_btn_txt_no_fx cz_btn_zoom_out\" href=\"https:\/\/sovaretail.com\/en\/catalogue\/\" target=\"_blank\" title=\"Catalogue\" aria-label=\"Catalogue\"><span><i class=\"fa czico-166-download-1\"><\/i><strong>PDF Catalogue<\/strong><\/span><b class=\"cz_btn_onhover\"><i class=\"fa czico-166-download-1\"><\/i><strong>PDF Catalogue<\/strong><\/b><\/a><\/div><\/div><div class=\"cz_gap clr \" style=\"height: 40px\"><\/div>[\/vc_column_inner][vc_column_inner width=&#8221;1\/6&#8243;]<div class=\"cz_btn_inline\"><div class=\"cz_96858_p\"><a id=\"cz_96858\" class=\"cz_96858 cz_btn cz_btn_txt_no_fx cz_btn_zoom_out\" href=\"https:\/\/farmarack.com\" target=\"_blank\" title=\"Catalogue\" aria-label=\"Catalogue\"><span><i class=\"fa czico-106-foreign\"><\/i><strong>FARMARACK.COM<\/strong><\/span><b class=\"cz_btn_onhover\"><i class=\"fa czico-106-foreign\"><\/i><strong>FARMARACK.COM<\/strong><\/b><\/a><\/div><\/div>[\/vc_column_inner][vc_column_inner width=&#8221;1\/6&#8243;][\/vc_column_inner][vc_column_inner width=&#8221;1\/6&#8243;][\/vc_column_inner][vc_column_inner width=&#8221;1\/6&#8243;][\/vc_column_inner][vc_column_inner width=&#8221;1\/6&#8243;][\/vc_column_inner][\/vc_row_inner][\/vc_column][\/vc_row][vc_row css=&#8221;.vc_custom_1648565084805{padding-top: 30px !important;padding-bottom: 0px !important;}&#8221;][vc_column]<div class=\"cz_gap clr \" style=\"height: 40px\"><\/div><div id=\"cz_80998\" class=\"cz_80998 cz_title clr cz_mobile_text_center cz_title_pos_inline\"><div class=\"cz_title_content\"><span class=\"cz_line_side_solo\">_<\/span><div class=\"cz_wpe_content\"><h3><strong><span style=\"vertical-align: inherit;\"><span style=\"vertical-align: inherit;\">SOLID \/ <\/span><\/span><\/strong><span style=\"vertical-align: inherit;\"><span style=\"vertical-align: inherit;\">SOLUTION IN DETAIL<\/span><\/span><\/h3>\n<\/div><\/div><\/div><div class=\"cz_gap clr \" style=\"height: 40px\"><\/div><div class=\"cz_gap clr  hide_on_mobile\" style=\"height: 0px\"><\/div><div class=\"cz_gap show_on_mobile clr\" style=\"height: 40px\"><\/div><div id=\"cz_61931\" class=\"cz_61931 cz_title clr cz_title_pos_inline tac\"><div class=\"cz_title_content\"><div class=\"cz_wpe_content\"><p style=\"text-align: center;\">SOLUTION IS HIDDEN IN DETAILS<\/p>\n<h2 style=\"text-align: center;\">360 DEGREE ROBUST SOLUTIONS IN EVERY STAGE<\/h2>\n<\/div><\/div><\/div>[\/vc_column][\/vc_row][vc_row full_width=&#8221;stretch_row&#8221;][vc_column][vc_single_image image=&#8221;2314&#8243; img_size=&#8221;full&#8221; alignment=&#8221;center&#8221;][\/vc_column][\/vc_row]<\/p>\n<\/div>","protected":false},"excerpt":{"rendered":"<p>[vc_row][vc_column][\/vc_column][\/vc_row][vc_row][vc_column width=&#8221;1\/3&#8243; el_class=&#8221;cz_sticky_col&#8221;][vc_column_text css=&#8221;.vc_custom_1768134139002{margin-bottom: 40px !important;}&#8221;]The Farmarack drawer system maximizes the &#8230; <\/p>\n","protected":false},"author":1,"featured_media":19874,"parent":0,"menu_order":0,"comment_status":"closed","ping_status":"closed","template":"","meta":{"footnotes":""},"class_list":["post-3130","page","type-page","status-publish","has-post-thumbnail","hentry"],"yoast_head":"<!-- This site is optimized with the Yoast SEO plugin v25.9 - https:\/\/yoast.com\/wordpress\/plugins\/seo\/ -->\n<title>Farmarack Pharmacy Drawer Storage System - Sova Retail Solutions<\/title>\n<meta name=\"robots\" content=\"index, follow, max-snippet:-1, max-image-preview:large, max-video-preview:-1\" \/>\n<link rel=\"canonical\" href=\"https:\/\/sovaretail.com\/en\/farmarack-drugstore-drawer-system\/\" \/>\n<meta property=\"og:locale\" content=\"en_US\" \/>\n<meta property=\"og:type\" content=\"article\" \/>\n<meta property=\"og:title\" content=\"Farmarack Pharmacy Drawer Storage System - Sova Retail Solutions\" \/>\n<meta property=\"og:description\" content=\"[vc_row][vc_column][\/vc_column][\/vc_row][vc_row][vc_column width=&#8221;1\/3&#8243; el_class=&#8221;cz_sticky_col&#8221;][vc_column_text css=&#8221;.vc_custom_1768134139002{margin-bottom: 40px !important;}&#8221;]The Farmarack drawer system maximizes the ...\" \/>\n<meta property=\"og:url\" content=\"https:\/\/sovaretail.com\/en\/farmarack-drugstore-drawer-system\/\" \/>\n<meta property=\"og:site_name\" content=\"Sova Retail Solutions\" \/>\n<meta property=\"article:modified_time\" content=\"2026-01-11T12:24:47+00:00\" \/>\n<meta property=\"og:image\" content=\"https:\/\/sovaretail.com\/wp-content\/uploads\/2026\/01\/Yeditepe-Eczanesi-5.png\" \/>\n\t<meta property=\"og:image:width\" content=\"1200\" \/>\n\t<meta property=\"og:image:height\" content=\"800\" \/>\n\t<meta property=\"og:image:type\" content=\"image\/png\" \/>\n<meta name=\"twitter:card\" content=\"summary_large_image\" \/>\n<meta name=\"twitter:label1\" content=\"Est. reading time\" \/>\n\t<meta name=\"twitter:data1\" content=\"5 minutes\" \/>\n<script type=\"application\/ld+json\" class=\"yoast-schema-graph\">{\"@context\":\"https:\/\/schema.org\",\"@graph\":[{\"@type\":\"WebPage\",\"@id\":\"https:\/\/sovaretail.com\/en\/farmarack-drugstore-drawer-system\/\",\"url\":\"https:\/\/sovaretail.com\/en\/farmarack-drugstore-drawer-system\/\",\"name\":\"Farmarack Pharmacy Drawer Storage System - Sova Retail Solutions\",\"isPartOf\":{\"@id\":\"https:\/\/sovaretail.com\/en\/#website\"},\"primaryImageOfPage\":{\"@id\":\"https:\/\/sovaretail.com\/en\/farmarack-drugstore-drawer-system\/#primaryimage\"},\"image\":{\"@id\":\"https:\/\/sovaretail.com\/en\/farmarack-drugstore-drawer-system\/#primaryimage\"},\"thumbnailUrl\":\"https:\/\/sovaretail.com\/wp-content\/uploads\/2026\/01\/Yeditepe-Eczanesi-5.png\",\"datePublished\":\"2022-05-12T20:04:59+00:00\",\"dateModified\":\"2026-01-11T12:24:47+00:00\",\"breadcrumb\":{\"@id\":\"https:\/\/sovaretail.com\/en\/farmarack-drugstore-drawer-system\/#breadcrumb\"},\"inLanguage\":\"en-US\",\"potentialAction\":[{\"@type\":\"ReadAction\",\"target\":[\"https:\/\/sovaretail.com\/en\/farmarack-drugstore-drawer-system\/\"]}]},{\"@type\":\"ImageObject\",\"inLanguage\":\"en-US\",\"@id\":\"https:\/\/sovaretail.com\/en\/farmarack-drugstore-drawer-system\/#primaryimage\",\"url\":\"https:\/\/sovaretail.com\/wp-content\/uploads\/2026\/01\/Yeditepe-Eczanesi-5.png\",\"contentUrl\":\"https:\/\/sovaretail.com\/wp-content\/uploads\/2026\/01\/Yeditepe-Eczanesi-5.png\",\"width\":1200,\"height\":800},{\"@type\":\"BreadcrumbList\",\"@id\":\"https:\/\/sovaretail.com\/en\/farmarack-drugstore-drawer-system\/#breadcrumb\",\"itemListElement\":[{\"@type\":\"ListItem\",\"position\":1,\"name\":\"Home page\",\"item\":\"https:\/\/sovaretail.com\/en\/\"},{\"@type\":\"ListItem\",\"position\":2,\"name\":\"Farmarack Pharmacy Drawer Storage System\"}]},{\"@type\":\"WebSite\",\"@id\":\"https:\/\/sovaretail.com\/en\/#website\",\"url\":\"https:\/\/sovaretail.com\/en\/\",\"name\":\"Sova Retail Solutions\",\"description\":\"Market Ekipmanlar\u0131 ve Ma\u011faza Donan\u0131mlar\u0131\",\"publisher\":{\"@id\":\"https:\/\/sovaretail.com\/en\/#organization\"},\"potentialAction\":[{\"@type\":\"SearchAction\",\"target\":{\"@type\":\"EntryPoint\",\"urlTemplate\":\"https:\/\/sovaretail.com\/en\/?s={search_term_string}\"},\"query-input\":{\"@type\":\"PropertyValueSpecification\",\"valueRequired\":true,\"valueName\":\"search_term_string\"}}],\"inLanguage\":\"en-US\"},{\"@type\":\"Organization\",\"@id\":\"https:\/\/sovaretail.com\/en\/#organization\",\"name\":\"Sova Retail Solutions\",\"url\":\"https:\/\/sovaretail.com\/en\/\",\"logo\":{\"@type\":\"ImageObject\",\"inLanguage\":\"en-US\",\"@id\":\"https:\/\/sovaretail.com\/en\/#\/schema\/logo\/image\/\",\"url\":\"https:\/\/sovaretail.com\/wp-content\/uploads\/2022\/05\/u\u0308ru\u0308n-bros\u0327u\u0308ru\u0308.jpg\",\"contentUrl\":\"https:\/\/sovaretail.com\/wp-content\/uploads\/2022\/05\/u\u0308ru\u0308n-bros\u0327u\u0308ru\u0308.jpg\",\"width\":1080,\"height\":810,\"caption\":\"Sova Retail Solutions\"},\"image\":{\"@id\":\"https:\/\/sovaretail.com\/en\/#\/schema\/logo\/image\/\"}}]}<\/script>\n<!-- \/ Yoast SEO plugin. -->","yoast_head_json":{"title":"Farmarack Pharmacy Drawer Storage System - Sova Retail Solutions","robots":{"index":"index","follow":"follow","max-snippet":"max-snippet:-1","max-image-preview":"max-image-preview:large","max-video-preview":"max-video-preview:-1"},"canonical":"https:\/\/sovaretail.com\/en\/farmarack-drugstore-drawer-system\/","og_locale":"en_US","og_type":"article","og_title":"Farmarack Pharmacy Drawer Storage System - Sova Retail Solutions","og_description":"[vc_row][vc_column][\/vc_column][\/vc_row][vc_row][vc_column width=&#8221;1\/3&#8243; el_class=&#8221;cz_sticky_col&#8221;][vc_column_text css=&#8221;.vc_custom_1768134139002{margin-bottom: 40px !important;}&#8221;]The Farmarack drawer system maximizes the ...","og_url":"https:\/\/sovaretail.com\/en\/farmarack-drugstore-drawer-system\/","og_site_name":"Sova Retail Solutions","article_modified_time":"2026-01-11T12:24:47+00:00","og_image":[{"width":1200,"height":800,"url":"https:\/\/sovaretail.com\/wp-content\/uploads\/2026\/01\/Yeditepe-Eczanesi-5.png","type":"image\/png"}],"twitter_card":"summary_large_image","twitter_misc":{"Est. reading time":"5 minutes"},"schema":{"@context":"https:\/\/schema.org","@graph":[{"@type":"WebPage","@id":"https:\/\/sovaretail.com\/en\/farmarack-drugstore-drawer-system\/","url":"https:\/\/sovaretail.com\/en\/farmarack-drugstore-drawer-system\/","name":"Farmarack Pharmacy Drawer Storage System - Sova Retail Solutions","isPartOf":{"@id":"https:\/\/sovaretail.com\/en\/#website"},"primaryImageOfPage":{"@id":"https:\/\/sovaretail.com\/en\/farmarack-drugstore-drawer-system\/#primaryimage"},"image":{"@id":"https:\/\/sovaretail.com\/en\/farmarack-drugstore-drawer-system\/#primaryimage"},"thumbnailUrl":"https:\/\/sovaretail.com\/wp-content\/uploads\/2026\/01\/Yeditepe-Eczanesi-5.png","datePublished":"2022-05-12T20:04:59+00:00","dateModified":"2026-01-11T12:24:47+00:00","breadcrumb":{"@id":"https:\/\/sovaretail.com\/en\/farmarack-drugstore-drawer-system\/#breadcrumb"},"inLanguage":"en-US","potentialAction":[{"@type":"ReadAction","target":["https:\/\/sovaretail.com\/en\/farmarack-drugstore-drawer-system\/"]}]},{"@type":"ImageObject","inLanguage":"en-US","@id":"https:\/\/sovaretail.com\/en\/farmarack-drugstore-drawer-system\/#primaryimage","url":"https:\/\/sovaretail.com\/wp-content\/uploads\/2026\/01\/Yeditepe-Eczanesi-5.png","contentUrl":"https:\/\/sovaretail.com\/wp-content\/uploads\/2026\/01\/Yeditepe-Eczanesi-5.png","width":1200,"height":800},{"@type":"BreadcrumbList","@id":"https:\/\/sovaretail.com\/en\/farmarack-drugstore-drawer-system\/#breadcrumb","itemListElement":[{"@type":"ListItem","position":1,"name":"Home page","item":"https:\/\/sovaretail.com\/en\/"},{"@type":"ListItem","position":2,"name":"Farmarack Pharmacy Drawer Storage System"}]},{"@type":"WebSite","@id":"https:\/\/sovaretail.com\/en\/#website","url":"https:\/\/sovaretail.com\/en\/","name":"Sova Retail Solutions","description":"Market Ekipmanlar\u0131 ve Ma\u011faza Donan\u0131mlar\u0131","publisher":{"@id":"https:\/\/sovaretail.com\/en\/#organization"},"potentialAction":[{"@type":"SearchAction","target":{"@type":"EntryPoint","urlTemplate":"https:\/\/sovaretail.com\/en\/?s={search_term_string}"},"query-input":{"@type":"PropertyValueSpecification","valueRequired":true,"valueName":"search_term_string"}}],"inLanguage":"en-US"},{"@type":"Organization","@id":"https:\/\/sovaretail.com\/en\/#organization","name":"Sova Retail Solutions","url":"https:\/\/sovaretail.com\/en\/","logo":{"@type":"ImageObject","inLanguage":"en-US","@id":"https:\/\/sovaretail.com\/en\/#\/schema\/logo\/image\/","url":"https:\/\/sovaretail.com\/wp-content\/uploads\/2022\/05\/u\u0308ru\u0308n-bros\u0327u\u0308ru\u0308.jpg","contentUrl":"https:\/\/sovaretail.com\/wp-content\/uploads\/2022\/05\/u\u0308ru\u0308n-bros\u0327u\u0308ru\u0308.jpg","width":1080,"height":810,"caption":"Sova Retail Solutions"},"image":{"@id":"https:\/\/sovaretail.com\/en\/#\/schema\/logo\/image\/"}}]}},"_links":{"self":[{"href":"https:\/\/sovaretail.com\/en\/wp-json\/wp\/v2\/pages\/3130","targetHints":{"allow":["GET"]}}],"collection":[{"href":"https:\/\/sovaretail.com\/en\/wp-json\/wp\/v2\/pages"}],"about":[{"href":"https:\/\/sovaretail.com\/en\/wp-json\/wp\/v2\/types\/page"}],"author":[{"embeddable":true,"href":"https:\/\/sovaretail.com\/en\/wp-json\/wp\/v2\/users\/1"}],"replies":[{"embeddable":true,"href":"https:\/\/sovaretail.com\/en\/wp-json\/wp\/v2\/comments?post=3130"}],"version-history":[{"count":5,"href":"https:\/\/sovaretail.com\/en\/wp-json\/wp\/v2\/pages\/3130\/revisions"}],"predecessor-version":[{"id":12914,"href":"https:\/\/sovaretail.com\/en\/wp-json\/wp\/v2\/pages\/3130\/revisions\/12914"}],"wp:featuredmedia":[{"embeddable":true,"href":"https:\/\/sovaretail.com\/en\/wp-json\/wp\/v2\/media\/19874"}],"wp:attachment":[{"href":"https:\/\/sovaretail.com\/en\/wp-json\/wp\/v2\/media?parent=3130"}],"curies":[{"name":"wp","href":"https:\/\/api.w.org\/{rel}","templated":true}]}}