{"id":3148,"date":"2022-05-12T23:12:48","date_gmt":"2022-05-12T20:12:48","guid":{"rendered":"https:\/\/sovaretail.com\/light-duty-warehouse-rack\/"},"modified":"2025-03-17T17:59:44","modified_gmt":"2025-03-17T14:59:44","slug":"light-duty-warehouse-rack","status":"publish","type":"page","link":"https:\/\/sovaretail.com\/en\/light-duty-warehouse-rack\/","title":{"rendered":"Light Duty Warehouse Rack"},"content":{"rendered":"<div class=\"wpb-content-wrapper\"><p>[vc_row][vc_column]<div class=\"cz_gap clr  hide_on_mobile\" style=\"height: 85px\"><\/div><div class=\"cz_gap show_on_mobile clr\" style=\"height: 75px\"><\/div>[\/vc_column][\/vc_row][vc_row][vc_column width=&#8221;1\/3&#8243; el_class=&#8221;cz_sticky_col&#8221;]<div id=\"cz_25632\" class=\"cz_25632 cz_title clr cz_title_pos_inline\"><div class=\"cz_title_content\"><div class=\"cz_wpe_content\"><h1>Light Duty Storage Racking Systems<\/h1>\n<\/div><\/div><\/div><div class=\"cz_gap clr \" style=\"height: 10px\"><\/div>[vc_column_text css=&#8221;.vc_custom_1655218715360{margin-bottom: 40px !important;}&#8221;]Light Duty Storage Racking Systems are easy-to-install, economical and practical storage systems that are generally used at retail stores for not too heavy loads.<\/p>\n<p>These systems, also called &#8220;Mobile Warehouses&#8221;, are mostly used in stores to provide fast product flow in the storage areas of supermarkets, fashion stores, drugstores, spare parts stores and more.<\/p>\n<p>These racking systems are also widely used in the archive areas of a variety of businesses. They can be configured in accordance with the business requirements thanks to their modular structure.[\/vc_column_text]<div class=\"cz_btn_inline\"><div class=\"cz_34504_p\"><a id=\"cz_34504\" class=\"cz_34504 cz_btn cz_btn_txt_no_fx cz_btn_zoom_out\" href=\"https:\/\/sovaretail.com\/en\/catalogue\/\" target=\"_blank\" title=\"Catalogue\" aria-label=\"Catalogue\"><span><i class=\"fa czico-166-download-1\"><\/i><strong>PDF Catalogue<\/strong><\/span><b class=\"cz_btn_onhover\"><i class=\"fa czico-166-download-1\"><\/i><strong>PDF Catalogue<\/strong><\/b><\/a><\/div><\/div>[\/vc_column][vc_column width=&#8221;2\/3&#8243;]<div id=\"cz5632\" class=\"cz5632 slick arrows_mlr no_dots arrows_inner\" data-slick='{\"selector\":\"\",\"slidesToShow\":1,\"slidesToScroll\":1,\"rows\":1,\"fade\":false,\"vertical\":false,\"verticalSwiping\":false,\"infinite\":false,\"speed\":1000,\"swipeToSlide\":true,\"centerMode\":false,\"centerPadding\":\"\",\"variableWidth\":false,\"autoplay\":false,\"autoplaySpeed\":4000,\"dots\":true,\"counts\":false,\"responsive\":[{\"breakpoint\":769,\"settings\":{\"slidesToShow\":2,\"slidesToScroll\":1,\"infinite\":true,\"touchMove\":true}},{\"breakpoint\":481,\"settings\":{\"slidesToShow\":1,\"slidesToScroll\":1,\"infinite\":true,\"touchMove\":true}}]}' data-slick-prev=\"fa fa-chevron-left\" data-slick-next=\"fa fa-chevron-right\"><div id=\"cz_64716\" class=\"cz_grid_p cz_64716\"><div class=\"cz_grid cz_grid_1 clr cz_grid_carousel cz_grid_1_no_title cz_grid_1_mid tac cz_tooltip cz_grid_1_no_title\"><div class=\"cz_grid_item cz_grid_first\"><\/div><div class=\"cz_grid_item \"><div data-title=\"hafif-depo-1\"><a class=\"cz_grid_link \" href=\"https:\/\/sovaretail.com\/wp-content\/uploads\/2022\/05\/hafif-depo-1.jpg\" data-xtra-lightbox><img loading=\"lazy\" decoding=\"async\" width=\"1080\" height=\"810\" src=\"https:\/\/sovaretail.com\/wp-content\/uploads\/2022\/05\/hafif-depo-1.jpg\" class=\"attachment-full\" alt=\"\" title=\"light-duty-1\" srcset=\"https:\/\/sovaretail.com\/wp-content\/uploads\/2022\/05\/hafif-depo-1.jpg 1080w, https:\/\/sovaretail.com\/wp-content\/uploads\/2022\/05\/hafif-depo-1-300x225.jpg 300w, https:\/\/sovaretail.com\/wp-content\/uploads\/2022\/05\/hafif-depo-1-1024x768.jpg 1024w, https:\/\/sovaretail.com\/wp-content\/uploads\/2022\/05\/hafif-depo-1-768x576.jpg 768w, https:\/\/sovaretail.com\/wp-content\/uploads\/2022\/05\/hafif-depo-1-600x450.jpg 600w\" sizes=\"auto, (max-width: 1080px) 100vw, 1080px\" \/><div class=\"cz_grid_details\"><i class=\"fa fa-search cz_grid_icon\"><\/i><\/div><\/a><\/div><\/div><div class=\"cz_grid_item \"><div data-title=\"hafif-depo-2\"><a class=\"cz_grid_link \" href=\"https:\/\/sovaretail.com\/wp-content\/uploads\/2022\/05\/hafif-depo-2.jpg\" data-xtra-lightbox><img loading=\"lazy\" decoding=\"async\" width=\"1080\" height=\"810\" src=\"https:\/\/sovaretail.com\/wp-content\/uploads\/2022\/05\/hafif-depo-2.jpg\" class=\"attachment-full\" alt=\"\" title=\"light-duty-2\" srcset=\"https:\/\/sovaretail.com\/wp-content\/uploads\/2022\/05\/hafif-depo-2.jpg 1080w, https:\/\/sovaretail.com\/wp-content\/uploads\/2022\/05\/hafif-depo-2-300x225.jpg 300w, https:\/\/sovaretail.com\/wp-content\/uploads\/2022\/05\/hafif-depo-2-1024x768.jpg 1024w, https:\/\/sovaretail.com\/wp-content\/uploads\/2022\/05\/hafif-depo-2-768x576.jpg 768w, https:\/\/sovaretail.com\/wp-content\/uploads\/2022\/05\/hafif-depo-2-600x450.jpg 600w\" sizes=\"auto, (max-width: 1080px) 100vw, 1080px\" \/><div class=\"cz_grid_details\"><i class=\"fa fa-search cz_grid_icon\"><\/i><\/div><\/a><\/div><\/div><div class=\"cz_grid_item \"><div data-title=\"hafif-depo-3\"><a class=\"cz_grid_link \" href=\"https:\/\/sovaretail.com\/wp-content\/uploads\/2022\/05\/hafif-depo-3.jpg\" data-xtra-lightbox><img loading=\"lazy\" decoding=\"async\" width=\"1080\" height=\"810\" src=\"https:\/\/sovaretail.com\/wp-content\/uploads\/2022\/05\/hafif-depo-3.jpg\" class=\"attachment-full\" alt=\"\" title=\"light-duty-3\" srcset=\"https:\/\/sovaretail.com\/wp-content\/uploads\/2022\/05\/hafif-depo-3.jpg 1080w, https:\/\/sovaretail.com\/wp-content\/uploads\/2022\/05\/hafif-depo-3-300x225.jpg 300w, https:\/\/sovaretail.com\/wp-content\/uploads\/2022\/05\/hafif-depo-3-1024x768.jpg 1024w, https:\/\/sovaretail.com\/wp-content\/uploads\/2022\/05\/hafif-depo-3-768x576.jpg 768w, https:\/\/sovaretail.com\/wp-content\/uploads\/2022\/05\/hafif-depo-3-600x450.jpg 600w\" sizes=\"auto, (max-width: 1080px) 100vw, 1080px\" \/><div class=\"cz_grid_details\"><i class=\"fa fa-search cz_grid_icon\"><\/i><\/div><\/a><\/div><\/div><div class=\"cz_grid_item \"><div data-title=\"hafif-depo-4\"><a class=\"cz_grid_link \" href=\"https:\/\/sovaretail.com\/wp-content\/uploads\/2022\/05\/hafif-depo-4.jpg\" data-xtra-lightbox><img loading=\"lazy\" decoding=\"async\" width=\"1080\" height=\"810\" src=\"https:\/\/sovaretail.com\/wp-content\/uploads\/2022\/05\/hafif-depo-4.jpg\" class=\"attachment-full\" alt=\"\" title=\"light-duty-4\" srcset=\"https:\/\/sovaretail.com\/wp-content\/uploads\/2022\/05\/hafif-depo-4.jpg 1080w, https:\/\/sovaretail.com\/wp-content\/uploads\/2022\/05\/hafif-depo-4-300x225.jpg 300w, https:\/\/sovaretail.com\/wp-content\/uploads\/2022\/05\/hafif-depo-4-1024x768.jpg 1024w, https:\/\/sovaretail.com\/wp-content\/uploads\/2022\/05\/hafif-depo-4-768x576.jpg 768w, https:\/\/sovaretail.com\/wp-content\/uploads\/2022\/05\/hafif-depo-4-600x450.jpg 600w\" sizes=\"auto, (max-width: 1080px) 100vw, 1080px\" \/><div class=\"cz_grid_details\"><i class=\"fa fa-search cz_grid_icon\"><\/i><\/div><\/a><\/div><\/div><div class=\"cz_grid_item \"><div data-title=\"2\"><a class=\"cz_grid_link \" href=\"https:\/\/sovaretail.com\/wp-content\/uploads\/2025\/03\/2-1.png\" data-xtra-lightbox><img loading=\"lazy\" decoding=\"async\" width=\"3000\" height=\"1873\" src=\"https:\/\/sovaretail.com\/wp-content\/uploads\/2025\/03\/2-1.png\" class=\"attachment-full\" alt=\"\" title=\"2\" srcset=\"https:\/\/sovaretail.com\/wp-content\/uploads\/2025\/03\/2-1.png 3000w, https:\/\/sovaretail.com\/wp-content\/uploads\/2025\/03\/2-1-300x187.png 300w, https:\/\/sovaretail.com\/wp-content\/uploads\/2025\/03\/2-1-1024x639.png 1024w, https:\/\/sovaretail.com\/wp-content\/uploads\/2025\/03\/2-1-768x479.png 768w, https:\/\/sovaretail.com\/wp-content\/uploads\/2025\/03\/2-1-1536x959.png 1536w, https:\/\/sovaretail.com\/wp-content\/uploads\/2025\/03\/2-1-2048x1279.png 2048w, https:\/\/sovaretail.com\/wp-content\/uploads\/2025\/03\/2-1-600x375.png 600w\" sizes=\"auto, (max-width: 3000px) 100vw, 3000px\" \/><div class=\"cz_grid_details\"><i class=\"fa fa-search cz_grid_icon\"><\/i><\/div><\/a><\/div><\/div><div class=\"cz_grid_item \"><div data-title=\"1\"><a class=\"cz_grid_link \" href=\"https:\/\/sovaretail.com\/wp-content\/uploads\/2025\/03\/1-1.png\" data-xtra-lightbox><img loading=\"lazy\" decoding=\"async\" width=\"3000\" height=\"1873\" src=\"https:\/\/sovaretail.com\/wp-content\/uploads\/2025\/03\/1-1.png\" class=\"attachment-full\" alt=\"\" title=\"1\" srcset=\"https:\/\/sovaretail.com\/wp-content\/uploads\/2025\/03\/1-1.png 3000w, https:\/\/sovaretail.com\/wp-content\/uploads\/2025\/03\/1-1-300x187.png 300w, https:\/\/sovaretail.com\/wp-content\/uploads\/2025\/03\/1-1-1024x639.png 1024w, https:\/\/sovaretail.com\/wp-content\/uploads\/2025\/03\/1-1-768x479.png 768w, https:\/\/sovaretail.com\/wp-content\/uploads\/2025\/03\/1-1-1536x959.png 1536w, https:\/\/sovaretail.com\/wp-content\/uploads\/2025\/03\/1-1-2048x1279.png 2048w, https:\/\/sovaretail.com\/wp-content\/uploads\/2025\/03\/1-1-600x375.png 600w\" sizes=\"auto, (max-width: 3000px) 100vw, 3000px\" \/><div class=\"cz_grid_details\"><i class=\"fa fa-search cz_grid_icon\"><\/i><\/div><\/a><\/div><\/div><\/div><\/div><\/div><div data-cz-style='#cz5632 .slick-prev{font-size:26px;color:#ffffff;background-color:rgba(185,182,182,0.8)}#cz5632 .slick-next{font-size:26px;color:#ffffff;background-color:rgba(185,182,182,0.8);margin-left:-19px}#cz5632 .slick-list{margin: 0 -5px;clip-path:inset(0 5px 0 5px)}#cz5632 .slick-slide{margin: 0 5px}'><\/div><div class=\"cz_gap clr \" style=\"height: 50px\"><\/div>[\/vc_column][\/vc_row][vc_row css=&#8221;.vc_custom_1648565084805{padding-top: 30px !important;padding-bottom: 0px !important;}&#8221;][vc_column]<div class=\"cz_gap clr \" style=\"height: 40px\"><\/div><div id=\"cz_80998\" class=\"cz_80998 cz_title clr cz_mobile_text_center cz_title_pos_inline\"><div class=\"cz_title_content\"><span class=\"cz_line_side_solo\">_<\/span><div class=\"cz_wpe_content\"><h3><strong><span style=\"vertical-align: inherit;\"><span style=\"vertical-align: inherit;\">SOLID \/ <\/span><\/span><\/strong><span style=\"vertical-align: inherit;\"><span style=\"vertical-align: inherit;\">SOLUTION IN DETAIL<\/span><\/span><\/h3>\n<\/div><\/div><\/div><div class=\"cz_gap clr \" style=\"height: 40px\"><\/div><div class=\"cz_gap clr  hide_on_mobile\" style=\"height: 0px\"><\/div><div class=\"cz_gap show_on_mobile clr\" style=\"height: 40px\"><\/div><div id=\"cz_61931\" class=\"cz_61931 cz_title clr cz_title_pos_inline tac\"><div class=\"cz_title_content\"><div class=\"cz_wpe_content\"><p style=\"text-align: center;\">SOLUTION IS HIDDEN IN DETAILS<\/p>\n<h2 style=\"text-align: center;\">360 DEGREE ROBUST SOLUTIONS IN EVERY STAGE<\/h2>\n<\/div><\/div><\/div>[\/vc_column][\/vc_row][vc_row full_width=&#8221;stretch_row&#8221;][vc_column][vc_single_image image=&#8221;2314&#8243; img_size=&#8221;full&#8221; alignment=&#8221;center&#8221;][\/vc_column][\/vc_row]<\/p>\n<\/div>","protected":false},"excerpt":{"rendered":"<p>[vc_row][vc_column][\/vc_column][\/vc_row][vc_row][vc_column width=&#8221;1\/3&#8243; el_class=&#8221;cz_sticky_col&#8221;][vc_column_text css=&#8221;.vc_custom_1655218715360{margin-bottom: 40px !important;}&#8221;]Light Duty Storage Racking Systems are &#8230; <\/p>\n","protected":false},"author":1,"featured_media":0,"parent":0,"menu_order":0,"comment_status":"closed","ping_status":"closed","template":"","meta":{"footnotes":""},"class_list":["post-3148","page","type-page","status-publish","hentry"],"yoast_head":"<!-- This site is optimized with the Yoast SEO plugin v25.9 - https:\/\/yoast.com\/wordpress\/plugins\/seo\/ -->\n<title>Light Duty Warehouse Rack - Sova Retail Solutions<\/title>\n<meta name=\"robots\" content=\"index, follow, max-snippet:-1, max-image-preview:large, max-video-preview:-1\" \/>\n<link rel=\"canonical\" href=\"https:\/\/sovaretail.com\/en\/light-duty-warehouse-rack\/\" \/>\n<meta property=\"og:locale\" content=\"en_US\" \/>\n<meta property=\"og:type\" content=\"article\" \/>\n<meta property=\"og:title\" content=\"Light Duty Warehouse Rack - Sova Retail Solutions\" \/>\n<meta property=\"og:description\" content=\"[vc_row][vc_column][\/vc_column][\/vc_row][vc_row][vc_column width=&#8221;1\/3&#8243; el_class=&#8221;cz_sticky_col&#8221;][vc_column_text css=&#8221;.vc_custom_1655218715360{margin-bottom: 40px !important;}&#8221;]Light Duty Storage Racking Systems are ...\" \/>\n<meta property=\"og:url\" content=\"https:\/\/sovaretail.com\/en\/light-duty-warehouse-rack\/\" \/>\n<meta property=\"og:site_name\" content=\"Sova Retail Solutions\" \/>\n<meta property=\"article:modified_time\" content=\"2025-03-17T14:59:44+00:00\" \/>\n<meta name=\"twitter:card\" content=\"summary_large_image\" \/>\n<meta name=\"twitter:label1\" content=\"Est. reading time\" \/>\n\t<meta name=\"twitter:data1\" content=\"2 minutes\" \/>\n<script type=\"application\/ld+json\" class=\"yoast-schema-graph\">{\"@context\":\"https:\/\/schema.org\",\"@graph\":[{\"@type\":\"WebPage\",\"@id\":\"https:\/\/sovaretail.com\/en\/light-duty-warehouse-rack\/\",\"url\":\"https:\/\/sovaretail.com\/en\/light-duty-warehouse-rack\/\",\"name\":\"Light Duty Warehouse Rack - Sova Retail Solutions\",\"isPartOf\":{\"@id\":\"https:\/\/sovaretail.com\/en\/#website\"},\"datePublished\":\"2022-05-12T20:12:48+00:00\",\"dateModified\":\"2025-03-17T14:59:44+00:00\",\"breadcrumb\":{\"@id\":\"https:\/\/sovaretail.com\/en\/light-duty-warehouse-rack\/#breadcrumb\"},\"inLanguage\":\"en-US\",\"potentialAction\":[{\"@type\":\"ReadAction\",\"target\":[\"https:\/\/sovaretail.com\/en\/light-duty-warehouse-rack\/\"]}]},{\"@type\":\"BreadcrumbList\",\"@id\":\"https:\/\/sovaretail.com\/en\/light-duty-warehouse-rack\/#breadcrumb\",\"itemListElement\":[{\"@type\":\"ListItem\",\"position\":1,\"name\":\"Home page\",\"item\":\"https:\/\/sovaretail.com\/en\/\"},{\"@type\":\"ListItem\",\"position\":2,\"name\":\"Light Duty Warehouse Rack\"}]},{\"@type\":\"WebSite\",\"@id\":\"https:\/\/sovaretail.com\/en\/#website\",\"url\":\"https:\/\/sovaretail.com\/en\/\",\"name\":\"Sova Retail Solutions\",\"description\":\"Market Ekipmanlar\u0131 ve Ma\u011faza Donan\u0131mlar\u0131\",\"publisher\":{\"@id\":\"https:\/\/sovaretail.com\/en\/#organization\"},\"potentialAction\":[{\"@type\":\"SearchAction\",\"target\":{\"@type\":\"EntryPoint\",\"urlTemplate\":\"https:\/\/sovaretail.com\/en\/?s={search_term_string}\"},\"query-input\":{\"@type\":\"PropertyValueSpecification\",\"valueRequired\":true,\"valueName\":\"search_term_string\"}}],\"inLanguage\":\"en-US\"},{\"@type\":\"Organization\",\"@id\":\"https:\/\/sovaretail.com\/en\/#organization\",\"name\":\"Sova Retail Solutions\",\"url\":\"https:\/\/sovaretail.com\/en\/\",\"logo\":{\"@type\":\"ImageObject\",\"inLanguage\":\"en-US\",\"@id\":\"https:\/\/sovaretail.com\/en\/#\/schema\/logo\/image\/\",\"url\":\"https:\/\/sovaretail.com\/wp-content\/uploads\/2022\/05\/u\u0308ru\u0308n-bros\u0327u\u0308ru\u0308.jpg\",\"contentUrl\":\"https:\/\/sovaretail.com\/wp-content\/uploads\/2022\/05\/u\u0308ru\u0308n-bros\u0327u\u0308ru\u0308.jpg\",\"width\":1080,\"height\":810,\"caption\":\"Sova Retail Solutions\"},\"image\":{\"@id\":\"https:\/\/sovaretail.com\/en\/#\/schema\/logo\/image\/\"}}]}<\/script>\n<!-- \/ Yoast SEO plugin. -->","yoast_head_json":{"title":"Light Duty Warehouse Rack - Sova Retail Solutions","robots":{"index":"index","follow":"follow","max-snippet":"max-snippet:-1","max-image-preview":"max-image-preview:large","max-video-preview":"max-video-preview:-1"},"canonical":"https:\/\/sovaretail.com\/en\/light-duty-warehouse-rack\/","og_locale":"en_US","og_type":"article","og_title":"Light Duty Warehouse Rack - Sova Retail Solutions","og_description":"[vc_row][vc_column][\/vc_column][\/vc_row][vc_row][vc_column width=&#8221;1\/3&#8243; el_class=&#8221;cz_sticky_col&#8221;][vc_column_text css=&#8221;.vc_custom_1655218715360{margin-bottom: 40px !important;}&#8221;]Light Duty Storage Racking Systems are ...","og_url":"https:\/\/sovaretail.com\/en\/light-duty-warehouse-rack\/","og_site_name":"Sova Retail Solutions","article_modified_time":"2025-03-17T14:59:44+00:00","twitter_card":"summary_large_image","twitter_misc":{"Est. reading time":"2 minutes"},"schema":{"@context":"https:\/\/schema.org","@graph":[{"@type":"WebPage","@id":"https:\/\/sovaretail.com\/en\/light-duty-warehouse-rack\/","url":"https:\/\/sovaretail.com\/en\/light-duty-warehouse-rack\/","name":"Light Duty Warehouse Rack - Sova Retail Solutions","isPartOf":{"@id":"https:\/\/sovaretail.com\/en\/#website"},"datePublished":"2022-05-12T20:12:48+00:00","dateModified":"2025-03-17T14:59:44+00:00","breadcrumb":{"@id":"https:\/\/sovaretail.com\/en\/light-duty-warehouse-rack\/#breadcrumb"},"inLanguage":"en-US","potentialAction":[{"@type":"ReadAction","target":["https:\/\/sovaretail.com\/en\/light-duty-warehouse-rack\/"]}]},{"@type":"BreadcrumbList","@id":"https:\/\/sovaretail.com\/en\/light-duty-warehouse-rack\/#breadcrumb","itemListElement":[{"@type":"ListItem","position":1,"name":"Home page","item":"https:\/\/sovaretail.com\/en\/"},{"@type":"ListItem","position":2,"name":"Light Duty Warehouse Rack"}]},{"@type":"WebSite","@id":"https:\/\/sovaretail.com\/en\/#website","url":"https:\/\/sovaretail.com\/en\/","name":"Sova Retail Solutions","description":"Market Ekipmanlar\u0131 ve Ma\u011faza Donan\u0131mlar\u0131","publisher":{"@id":"https:\/\/sovaretail.com\/en\/#organization"},"potentialAction":[{"@type":"SearchAction","target":{"@type":"EntryPoint","urlTemplate":"https:\/\/sovaretail.com\/en\/?s={search_term_string}"},"query-input":{"@type":"PropertyValueSpecification","valueRequired":true,"valueName":"search_term_string"}}],"inLanguage":"en-US"},{"@type":"Organization","@id":"https:\/\/sovaretail.com\/en\/#organization","name":"Sova Retail Solutions","url":"https:\/\/sovaretail.com\/en\/","logo":{"@type":"ImageObject","inLanguage":"en-US","@id":"https:\/\/sovaretail.com\/en\/#\/schema\/logo\/image\/","url":"https:\/\/sovaretail.com\/wp-content\/uploads\/2022\/05\/u\u0308ru\u0308n-bros\u0327u\u0308ru\u0308.jpg","contentUrl":"https:\/\/sovaretail.com\/wp-content\/uploads\/2022\/05\/u\u0308ru\u0308n-bros\u0327u\u0308ru\u0308.jpg","width":1080,"height":810,"caption":"Sova Retail Solutions"},"image":{"@id":"https:\/\/sovaretail.com\/en\/#\/schema\/logo\/image\/"}}]}},"_links":{"self":[{"href":"https:\/\/sovaretail.com\/en\/wp-json\/wp\/v2\/pages\/3148","targetHints":{"allow":["GET"]}}],"collection":[{"href":"https:\/\/sovaretail.com\/en\/wp-json\/wp\/v2\/pages"}],"about":[{"href":"https:\/\/sovaretail.com\/en\/wp-json\/wp\/v2\/types\/page"}],"author":[{"embeddable":true,"href":"https:\/\/sovaretail.com\/en\/wp-json\/wp\/v2\/users\/1"}],"replies":[{"embeddable":true,"href":"https:\/\/sovaretail.com\/en\/wp-json\/wp\/v2\/comments?post=3148"}],"version-history":[{"count":2,"href":"https:\/\/sovaretail.com\/en\/wp-json\/wp\/v2\/pages\/3148\/revisions"}],"predecessor-version":[{"id":11855,"href":"https:\/\/sovaretail.com\/en\/wp-json\/wp\/v2\/pages\/3148\/revisions\/11855"}],"wp:attachment":[{"href":"https:\/\/sovaretail.com\/en\/wp-json\/wp\/v2\/media?parent=3148"}],"curies":[{"name":"wp","href":"https:\/\/api.w.org\/{rel}","templated":true}]}}